{"id":788,"date":"2016-12-07T13:14:16","date_gmt":"2016-12-07T15:14:16","guid":{"rendered":"https:\/\/www.posgrad.fae.ufmg.br\/?page_id=788\/"},"modified":"2025-05-26T21:31:35","modified_gmt":"2025-05-27T00:31:35","slug":"historico","status":"publish","type":"page","link":"https:\/\/www.posgrad.fae.ufmg.br\/es\/sobre-o-programa\/historico\/","title":{"rendered":"Historia"},"content":{"rendered":"<p>El Programa de Posgrado en Educaci\u00f3n &#8211; Conocimiento e Inclusi\u00f3n Social de la Facultad de Educaci\u00f3n de la UFMG (PPGE\/UFMG) trabaja en la ense\u00f1anza, investigaci\u00f3n y extensi\u00f3n para producir conocimiento en el campo de la Educaci\u00f3n y formar maestros y doctores, recibiendo alumnos de todo Brasil y de otros pa\u00edses y en colaboraci\u00f3n con diversos grupos de investigaci\u00f3n nacionales e internacionales. La configuraci\u00f3n actual del PPGE\/UFMG es el resultado de una historia de construcci\u00f3n desde 1971, en la que han participado profesores, estudiantes y personal t\u00e9cnico-administrativo de la UFMG, comprometidos con la superaci\u00f3n de las desigualdades sociales y educativas de Brasil. <\/p>\n<p>&nbsp;<\/p>\n<p>CARACTERIZACI\u00d3N DE LA ESTRUCTURA DEL PROGRAMA Y DE SUS DOS CAMPOS DE INVESTIGACI\u00d3N<\/p>\n<p>El Programa de Postgrado: Conocimiento e Inclusi\u00f3n Social en Educaci\u00f3n se organiza en torno a dos ejes tem\u00e1ticos:<\/p>\n<p>Inclusi\u00f3n\/exclusi\u00f3n en los procesos educativos;<br \/>\nEducaci\u00f3n y conocimiento.<\/p>\n<p>Estos ejes tienen un car\u00e1cter transversal, impregnan los distintos proyectos de investigaci\u00f3n de profesores y alumnos y ponen de manifiesto la posibilidad de una doble inclusi\u00f3n de profesores y alumnos en el programa.<\/p>\n<p>La estructura curricular de los programas de M\u00e1ster y Doctorado se basa en dos campos, cuyos descriptores se presentan a continuaci\u00f3n:<\/p>\n<p>Organizaci\u00f3n del trabajo pedag\u00f3gico y desarrollo de pr\u00e1cticas educativas. La constituci\u00f3n social, hist\u00f3rica y pol\u00edtica de los procesos educativos, dentro y fuera de la escuela. Relaciones entre los procesos sociales, culturales y pol\u00edticos y la organizaci\u00f3n y desarrollo de las pr\u00e1cticas escolares y educativas.<br \/>\nEducaci\u00f3n y procesos de producci\u00f3n y socializaci\u00f3n del conocimiento educativo. Procesos de producci\u00f3n de conocimiento y su relaci\u00f3n con la educaci\u00f3n dentro y fuera de la escuela. Relaciones entre los procesos sociales, culturales, pol\u00edticos y cognitivos y la producci\u00f3n y adquisici\u00f3n de conocimientos por los sujetos.    <\/p>\n<p>Los dos campos est\u00e1n impregnados por los dos ejes estructuradores del Programa y ayudan a organizar sistem\u00e1ticamente los objetos y problemas de investigaci\u00f3n en el \u00e1mbito educativo. Constituyen la base de la estructura curricular del Programa, dando lugar a las asignaturas obligatorias que conforman la formaci\u00f3n de maestros y doctores. <\/p>\n<p>Desarrollando trabajos en ambos campos -articulados por los dos ejes tem\u00e1ticos- los profesores y alumnos del Programa se organizan en l\u00edneas de investigaci\u00f3n. Estas l\u00edneas de investigaci\u00f3n expresan las diferentes \u00e1reas tem\u00e1ticas, te\u00f3ricas y metodol\u00f3gicas en las que los profesores e investigadores del Programa organizan su trabajo. A trav\u00e9s de ellas, los candidatos pueden solicitar su incorporaci\u00f3n al Programa.  <\/p>\n","protected":false},"excerpt":{"rendered":"<p>El Programa de Posgrado en Educaci\u00f3n &#8211; Conocimiento e Inclusi\u00f3n Social de la Facultad de Educaci\u00f3n de la UFMG (PPGE\/UFMG) trabaja en la ense\u00f1anza, investigaci\u00f3n y extensi\u00f3n para producir conocimiento en el campo de la Educaci\u00f3n y formar maestros y doctores, recibiendo alumnos de todo Brasil y de otros pa\u00edses y en colaboraci\u00f3n con diversos [&hellip;]<\/p>\n","protected":false},"author":2,"featured_media":0,"parent":546,"menu_order":0,"comment_status":"closed","ping_status":"closed","template":"","meta":{"_acf_changed":false,"footnotes":""},"categories":[],"class_list":["post-788","page","type-page","status-publish","hentry"],"acf":[],"_links":{"self":[{"href":"https:\/\/www.posgrad.fae.ufmg.br\/es\/wp-json\/wp\/v2\/pages\/788","targetHints":{"allow":["GET"]}}],"collection":[{"href":"https:\/\/www.posgrad.fae.ufmg.br\/es\/wp-json\/wp\/v2\/pages"}],"about":[{"href":"https:\/\/www.posgrad.fae.ufmg.br\/es\/wp-json\/wp\/v2\/types\/page"}],"author":[{"embeddable":true,"href":"https:\/\/www.posgrad.fae.ufmg.br\/es\/wp-json\/wp\/v2\/users\/2"}],"replies":[{"embeddable":true,"href":"https:\/\/www.posgrad.fae.ufmg.br\/es\/wp-json\/wp\/v2\/comments?post=788"}],"version-history":[{"count":3,"href":"https:\/\/www.posgrad.fae.ufmg.br\/es\/wp-json\/wp\/v2\/pages\/788\/revisions"}],"predecessor-version":[{"id":6758,"href":"https:\/\/www.posgrad.fae.ufmg.br\/es\/wp-json\/wp\/v2\/pages\/788\/revisions\/6758"}],"up":[{"embeddable":true,"href":"https:\/\/www.posgrad.fae.ufmg.br\/es\/wp-json\/wp\/v2\/pages\/546"}],"wp:attachment":[{"href":"https:\/\/www.posgrad.fae.ufmg.br\/es\/wp-json\/wp\/v2\/media?parent=788"}],"wp:term":[{"taxonomy":"category","embeddable":true,"href":"https:\/\/www.posgrad.fae.ufmg.br\/es\/wp-json\/wp\/v2\/categories?post=788"}],"curies":[{"name":"wp","href":"https:\/\/api.w.org\/{rel}","templated":true}]}}