{"id":6772,"date":"2016-12-07T13:14:56","date_gmt":"2016-12-07T15:14:56","guid":{"rendered":"https:\/\/www.posgrad.fae.ufmg.br\/convenios-e-cooperacoes\/"},"modified":"2016-12-07T13:14:56","modified_gmt":"2016-12-07T15:14:56","slug":"convenios-e-cooperacoes","status":"publish","type":"page","link":"https:\/\/www.posgrad.fae.ufmg.br\/es\/convenios-e-cooperacoes\/","title":{"rendered":"Acuerdos y cooperaciones"},"content":{"rendered":"<p>El PPGE\/FaE\/UFMG, adem\u00e1s de los cursos de Maestr\u00eda Acad\u00e9mica y Doctorado Regular, tambi\u00e9n desarrolla el Doctorado Latinoamericano en Educaci\u00f3n: Pol\u00edticas P\u00fablicas y Profesi\u00f3n Docente (DLA), fruto de un Convenio de Cooperaci\u00f3n Internacional entre la UNESCO, la RED KIPUS y 11 Universidades Latinoamericanas, siendo el PPGE\/FaE\/UFMG pionero en la implementaci\u00f3n de este doctorado, iniciando sus actividades en 2010.<\/p>\n<p>Adem\u00e1s, se firm\u00f3 un Acuerdo de Cooperaci\u00f3n Internacional entre la Universidad 11 de Novembro (Cabinda, Angola) y la Universidad Federal de Minas Gerais para promover amplios intercambios de estudiantes a nivel de posgrado y de profesores e investigadores. En t\u00e9rminos m\u00e1s concretos, el objetivo principal del proyecto es la cualificaci\u00f3n del profesorado de la Universidad 11 de Novembro, favoreciendo la ampliaci\u00f3n de sus cualificaciones y el desarrollo de la investigaci\u00f3n, con vistas a la futura creaci\u00f3n de un M\u00e1ster en Educaci\u00f3n en el Instituto Superior de Ciencias de la Educaci\u00f3n (ISCED). Durante el periodo de cuatro a\u00f1os, 21 maestros y 8 doctores se formaron a trav\u00e9s de este acuerdo.<\/p>\n<p>Otras acciones conjuntas de investigaci\u00f3n entre investigadores del PPGE\/FaE\/UFMG y el Instituto Superior de Ciencias de la Educaci\u00f3n (ISCED) de la Universidad 11 de Noviembre (UON), como el Programa de Movilidad Pro-Internacional entre Universidades de Lengua Portuguesa (CAPES\/AULP) continuar\u00e1n desarroll\u00e1ndose hasta 2017, reforzando el v\u00ednculo entre las dos universidades y la integraci\u00f3n entre los cursos de grado y postgrado. Adem\u00e1s de esta actividad de formaci\u00f3n en el marco del Programa Internacional Pro-Movilidad CAPES\/AULP, tambi\u00e9n se est\u00e1 trabajando entre la Universidad de Cabo Verde y la Universidad Federal de Minas Gerais.<\/p>\n","protected":false},"excerpt":{"rendered":"<p>El PPGE\/FaE\/UFMG, adem\u00e1s de los cursos de Maestr\u00eda Acad\u00e9mica y Doctorado Regular, tambi\u00e9n desarrolla el Doctorado Latinoamericano en Educaci\u00f3n: Pol\u00edticas P\u00fablicas y Profesi\u00f3n Docente (DLA), fruto de un Convenio de Cooperaci\u00f3n Internacional entre la UNESCO, la RED KIPUS y 11 Universidades Latinoamericanas, siendo el PPGE\/FaE\/UFMG pionero en la implementaci\u00f3n de este doctorado, iniciando sus actividades [&hellip;]<\/p>\n","protected":false},"author":2,"featured_media":0,"parent":0,"menu_order":0,"comment_status":"closed","ping_status":"closed","template":"","meta":{"_acf_changed":false,"footnotes":""},"categories":[],"class_list":["post-6772","page","type-page","status-publish","hentry"],"acf":[],"_links":{"self":[{"href":"https:\/\/www.posgrad.fae.ufmg.br\/es\/wp-json\/wp\/v2\/pages\/6772","targetHints":{"allow":["GET"]}}],"collection":[{"href":"https:\/\/www.posgrad.fae.ufmg.br\/es\/wp-json\/wp\/v2\/pages"}],"about":[{"href":"https:\/\/www.posgrad.fae.ufmg.br\/es\/wp-json\/wp\/v2\/types\/page"}],"author":[{"embeddable":true,"href":"https:\/\/www.posgrad.fae.ufmg.br\/es\/wp-json\/wp\/v2\/users\/2"}],"replies":[{"embeddable":true,"href":"https:\/\/www.posgrad.fae.ufmg.br\/es\/wp-json\/wp\/v2\/comments?post=6772"}],"version-history":[{"count":0,"href":"https:\/\/www.posgrad.fae.ufmg.br\/es\/wp-json\/wp\/v2\/pages\/6772\/revisions"}],"wp:attachment":[{"href":"https:\/\/www.posgrad.fae.ufmg.br\/es\/wp-json\/wp\/v2\/media?parent=6772"}],"wp:term":[{"taxonomy":"category","embeddable":true,"href":"https:\/\/www.posgrad.fae.ufmg.br\/es\/wp-json\/wp\/v2\/categories?post=6772"}],"curies":[{"name":"wp","href":"https:\/\/api.w.org\/{rel}","templated":true}]}}