{"id":6760,"date":"2016-12-07T13:14:24","date_gmt":"2016-12-07T15:14:24","guid":{"rendered":"https:\/\/www.posgrad.fae.ufmg.br\/objetivos\/"},"modified":"2016-12-07T13:14:24","modified_gmt":"2016-12-07T15:14:24","slug":"objetivos","status":"publish","type":"page","link":"https:\/\/www.posgrad.fae.ufmg.br\/es\/objetivos\/","title":{"rendered":"Objetivos"},"content":{"rendered":"<p><b>Objetivos (generales y espec\u00edficos)<\/b><\/p>\n<p>Objetivo general:<br \/>\nContribuir a la democratizaci\u00f3n de la educaci\u00f3n brasile\u00f1a, mediante la profundizaci\u00f3n de los estudios, el desarrollo de investigaciones, la producci\u00f3n de teor\u00edas y la formaci\u00f3n de profesionales que contribuyan al avance del conocimiento y de la pr\u00e1ctica educativa.<\/p>\n<p>Objetivos espec\u00edficos:<br \/>\n&#8211; crear condiciones que favorezcan la investigaci\u00f3n y teorizaci\u00f3n del fen\u00f3meno educativo en sus m\u00faltiples dimensiones;<br \/>\n&#8211; proporcionar un entorno que acoja la reflexi\u00f3n colectiva sobre la pr\u00e1ctica y las teor\u00edas pedag\u00f3gicas;<br \/>\n&#8211; formar profesores e investigadores capaces de contribuir a la producci\u00f3n de conocimiento y a su transformaci\u00f3n;<br \/>\n&#8211; formar profesionales de la educaci\u00f3n capaces de dise\u00f1ar e implementar proyectos innovadores, te\u00f3ricamente consistentes y socialmente relevantes;<br \/>\n&#8211; crear, consolidar o ampliar l\u00edneas de investigaci\u00f3n incorporando nuevos proyectos y nuevos investigadores.<\/p>\n<p><b>Perfil del Graduado<\/b><\/p>\n<p>El objetivo del PPGE es formar investigadores en el campo de la educaci\u00f3n para una carrera acad\u00e9mica, as\u00ed como capacitar a los profesionales para el ejercicio de la reflexi\u00f3n al asumir responsabilidades en la gesti\u00f3n, planificaci\u00f3n y evaluaci\u00f3n de pol\u00edticas p\u00fablicas en el \u00e1mbito de la educaci\u00f3n y devolver a los docentes la dimensi\u00f3n de la complejidad de su actividad profesional, fomentando e instrumentalizando su disposici\u00f3n a la investigaci\u00f3n en conjunci\u00f3n con su labor docente en la Educaci\u00f3n B\u00e1sica y\/o Superior.<\/p>\n<p>Por eso, este programa se preocupa por: formar profesores para atender a la expansi\u00f3n de la ense\u00f1anza superior en el campo de la Educaci\u00f3n; preparar investigadores capaces de realizar estudios y an\u00e1lisis de cuestiones educativas; formar profesionales que puedan responder a las demandas de desarrollo y mejora del sistema educativo brasile\u00f1o; formar agentes pedag\u00f3gicos comprometidos con la superaci\u00f3n de los problemas educativos brasile\u00f1os, en una l\u00ednea de creaci\u00f3n e innovaci\u00f3n, con efectos sociales multiplicadores.<\/p>\n<p>&nbsp;<\/p>\n","protected":false},"excerpt":{"rendered":"<p>Objetivos (generales y espec\u00edficos) Objetivo general: Contribuir a la democratizaci\u00f3n de la educaci\u00f3n brasile\u00f1a, mediante la profundizaci\u00f3n de los estudios, el desarrollo de investigaciones, la producci\u00f3n de teor\u00edas y la formaci\u00f3n de profesionales que contribuyan al avance del conocimiento y de la pr\u00e1ctica educativa. Objetivos espec\u00edficos: &#8211; crear condiciones que favorezcan la investigaci\u00f3n y teorizaci\u00f3n [&hellip;]<\/p>\n","protected":false},"author":2,"featured_media":0,"parent":0,"menu_order":0,"comment_status":"closed","ping_status":"closed","template":"","meta":{"_acf_changed":false,"footnotes":""},"categories":[],"class_list":["post-6760","page","type-page","status-publish","hentry"],"acf":[],"_links":{"self":[{"href":"https:\/\/www.posgrad.fae.ufmg.br\/es\/wp-json\/wp\/v2\/pages\/6760","targetHints":{"allow":["GET"]}}],"collection":[{"href":"https:\/\/www.posgrad.fae.ufmg.br\/es\/wp-json\/wp\/v2\/pages"}],"about":[{"href":"https:\/\/www.posgrad.fae.ufmg.br\/es\/wp-json\/wp\/v2\/types\/page"}],"author":[{"embeddable":true,"href":"https:\/\/www.posgrad.fae.ufmg.br\/es\/wp-json\/wp\/v2\/users\/2"}],"replies":[{"embeddable":true,"href":"https:\/\/www.posgrad.fae.ufmg.br\/es\/wp-json\/wp\/v2\/comments?post=6760"}],"version-history":[{"count":0,"href":"https:\/\/www.posgrad.fae.ufmg.br\/es\/wp-json\/wp\/v2\/pages\/6760\/revisions"}],"wp:attachment":[{"href":"https:\/\/www.posgrad.fae.ufmg.br\/es\/wp-json\/wp\/v2\/media?parent=6760"}],"wp:term":[{"taxonomy":"category","embeddable":true,"href":"https:\/\/www.posgrad.fae.ufmg.br\/es\/wp-json\/wp\/v2\/categories?post=6760"}],"curies":[{"name":"wp","href":"https:\/\/api.w.org\/{rel}","templated":true}]}}