{"id":6757,"date":"2016-12-07T13:15:21","date_gmt":"2016-12-07T15:15:21","guid":{"rendered":"https:\/\/www.posgrad.fae.ufmg.br\/avaliacao-capes\/"},"modified":"2016-12-07T13:15:21","modified_gmt":"2016-12-07T15:15:21","slug":"avaliacao-capes","status":"publish","type":"page","link":"https:\/\/www.posgrad.fae.ufmg.br\/es\/avaliacao-capes\/","title":{"rendered":"Evaluaci\u00f3n de Capas"},"content":{"rendered":"<p>En los dos \u00faltimos trienios (2007 &#8211; 2009; 2010 &#8211; 2012), el Programa de Posgrado en Educaci\u00f3n: Conocimiento e Inclusi\u00f3n Social ha sido reconocido por la CAPES como programa de excelencia (PROEX, grado 7) en la educaci\u00f3n brasile\u00f1a de posgrado.<\/p>\n<p>Los grados 6 y 7 se otorgan a los programas en los que \u201cla internacionalizaci\u00f3n es evidente a trav\u00e9s de acuerdos productivos y con resultados significativos en la producci\u00f3n intelectual, pero tambi\u00e9n en el sentido de que estos programas han alcanzado est\u00e1ndares internacionales, es decir, comparables a los de los principales centros del campo en el extranjero\u201d. Adem\u00e1s, se tienen en cuenta la capacidad de liderazgo nacional e incluso internacional y la capacidad de nucleaci\u00f3n. El grado 7 se concede a los cursos que, adem\u00e1s de todas las caracter\u00edsticas que marcan un programa de grado 6, han obtenido el grado 6 durante al menos 2 trienios consecutivos y destacan en par\u00e1metros como el liderazgo nacional y el reconocimiento internacional.  <\/p>\n<p><a href=\"https:\/\/www.posgrad.fae.ufmg.br\/wp-content\/uploads\/2016\/12\/Ficha_avaliacao_2013_038_32001010001P7.pdf\">Formulario de evaluaci\u00f3n para el trienio 2010-2012<\/a><\/p>\n","protected":false},"excerpt":{"rendered":"<p>En los dos \u00faltimos trienios (2007 &#8211; 2009; 2010 &#8211; 2012), el Programa de Posgrado en Educaci\u00f3n: Conocimiento e Inclusi\u00f3n Social ha sido reconocido por la CAPES como programa de excelencia (PROEX, grado 7) en la educaci\u00f3n brasile\u00f1a de posgrado. Los grados 6 y 7 se otorgan a los programas en los que \u201cla internacionalizaci\u00f3n [&hellip;]<\/p>\n","protected":false},"author":2,"featured_media":0,"parent":0,"menu_order":0,"comment_status":"closed","ping_status":"closed","template":"","meta":{"_acf_changed":false,"footnotes":""},"categories":[],"class_list":["post-6757","page","type-page","status-publish","hentry"],"acf":[],"_links":{"self":[{"href":"https:\/\/www.posgrad.fae.ufmg.br\/es\/wp-json\/wp\/v2\/pages\/6757","targetHints":{"allow":["GET"]}}],"collection":[{"href":"https:\/\/www.posgrad.fae.ufmg.br\/es\/wp-json\/wp\/v2\/pages"}],"about":[{"href":"https:\/\/www.posgrad.fae.ufmg.br\/es\/wp-json\/wp\/v2\/types\/page"}],"author":[{"embeddable":true,"href":"https:\/\/www.posgrad.fae.ufmg.br\/es\/wp-json\/wp\/v2\/users\/2"}],"replies":[{"embeddable":true,"href":"https:\/\/www.posgrad.fae.ufmg.br\/es\/wp-json\/wp\/v2\/comments?post=6757"}],"version-history":[{"count":0,"href":"https:\/\/www.posgrad.fae.ufmg.br\/es\/wp-json\/wp\/v2\/pages\/6757\/revisions"}],"wp:attachment":[{"href":"https:\/\/www.posgrad.fae.ufmg.br\/es\/wp-json\/wp\/v2\/media?parent=6757"}],"wp:term":[{"taxonomy":"category","embeddable":true,"href":"https:\/\/www.posgrad.fae.ufmg.br\/es\/wp-json\/wp\/v2\/categories?post=6757"}],"curies":[{"name":"wp","href":"https:\/\/api.w.org\/{rel}","templated":true}]}}