{"id":6729,"date":"2016-12-07T13:35:05","date_gmt":"2016-12-07T15:35:05","guid":{"rendered":"https:\/\/www.posgrad.fae.ufmg.br\/formularios-2\/"},"modified":"2025-06-09T18:45:34","modified_gmt":"2025-06-09T21:45:34","slug":"formularios-2","status":"publish","type":"page","link":"https:\/\/www.posgrad.fae.ufmg.br\/es\/formularios-2\/","title":{"rendered":"FORMULARIOS"},"content":{"rendered":"<div>\n<div>\n<p><strong>1. inscripci\u00f3n<\/strong><\/p>\n<p><a href=\"https:\/\/www.posgrad.fae.ufmg.br\/wp-content\/uploads\/2016\/12\/form-1_Tranc-PARCIAL-Modelo-DRCA.pdf\">Forma de cancelaci\u00f3n parcial &#8211; Modelo DRCA<\/a><\/p>\n<p><a href=\"https:\/\/www.posgrad.fae.ufmg.br\/wp-content\/uploads\/2016\/12\/form-2_Tranc-TOTAL-Modelo-DRCA.pdf\">Formulario de baja total &#8211; Modelo DRCA<\/a><\/p>\n<p><a href=\"https:\/\/www.posgrad.fae.ufmg.br\/wp-content\/uploads\/2016\/12\/REQUERIMENTO-DE-MATR%C3%8DCULA-EM-ATIVIDADE-ACAD%C3%8AMICA-ELETIVA.pdf\">Solicitud de inscripci\u00f3n en una Actividad Acad\u00e9mica Optativa &#8211; Estudios de Postgrado<\/a><\/p>\n<p><a href=\"https:\/\/www.posgrad.fae.ufmg.br\/wp-content\/uploads\/2023\/05\/form-12_Disc-ELETIVA-1.pdf\"><span dir=\"ltr\" role=\"presentation\">Solicitud de Inscripci\u00f3n en Formaci\u00f3n Libre (Optativa) &#8211; Licenciatura<\/span><\/a><\/p>\n<p><strong>2. Financiero<\/strong><\/p>\n<p><a href=\"https:\/\/www.posgrad.fae.ufmg.br\/wp-content\/uploads\/2020\/10\/AVAL_BOLSISTA_FINAL_6_out-1.pdf\">Evaluaci\u00f3n de Becarios PDF<\/a><\/p>\n<p><a href=\"https:\/\/www.posgrad.fae.ufmg.br\/wp-content\/uploads\/2020\/10\/AVAL_BOLSISTA_FINAL_6_out.doc\">WORD Evaluaci\u00f3n de Becarios<\/a><\/p>\n<p><a href=\"https:\/\/www.posgrad.fae.ufmg.br\/wp-content\/uploads\/2025\/05\/6-MANUAL-DO-USUARIO-EXTERNO-SEI-UFMG-1.pdf\">6-MANUAL-USUARIO-EXTERNO-SEI-UFMG-1<\/a><\/p>\n<p><strong>3. Env\u00edo de documentos<\/strong><\/p>\n<p><a href=\"https:\/\/www.posgrad.fae.ufmg.br\/wp-content\/uploads\/2018\/08\/Guia-para-pagamento-da-taxa-de-expedi%C3%A7%C3%A3o-de-documentos-5-reais.pdf\">Recibo de pago de la tasa de expedici\u00f3n de documentos &#8211; 5 reales  <\/a><\/p>\n<p><a href=\"https:\/\/www.posgrad.fae.ufmg.br\/wp-content\/uploads\/2018\/08\/Guia-para-pagamento-da-taxa-de-expedi%C3%A7%C3%A3o-de-documentos-10-reais.pdf\">Recibo de pago de la tasa de expedici\u00f3n de documentos &#8211; 10 reales<\/a><\/p>\n<p><a href=\"https:\/\/www.posgrad.fae.ufmg.br\/wp-content\/uploads\/2018\/08\/Guia-para-pagamento-da-taxa-de-expedi%C3%A7%C3%A3o-de-documentos-15-reais.pdf\">Recibo de pago de la tasa de expedici\u00f3n de documentos &#8211; 15 reales<\/a><\/p>\n<p>Para solicitar declaraciones, expedientes acad\u00e9micos y otros documentos, debes pagar la GRU y solicitar los documentos a trav\u00e9s de INTRANET y enviar el recibo de pago de la GRU.<\/p>\n<p><strong>NOTA: LA TASA DE R$5,00 DEBE SER PAGADA POR CADA DOCUMENTO SOLICITADO. EL IMPORTE DE LA GRU DEPENDER\u00c1 DEL N\u00daMERO DE DOCUMENTOS SOLICITADOS.<\/strong><\/p>\n<p><strong>4. Expedici\u00f3n de diplomas<\/strong><\/p>\n<p><a href=\"https:\/\/www.posgrad.fae.ufmg.br\/wp-content\/uploads\/2019\/04\/AUTORIZA%C3%87AO-BIBLIOTECA-DA-FAE_ME.pdf\">Autorizaci\u00f3n Biblioteca FaE &#8211; M\u00e1ster<\/a><\/p>\n<p><a href=\"https:\/\/www.posgrad.fae.ufmg.br\/wp-content\/uploads\/2019\/04\/AUTORIZA%C3%87AO-BIBLIOTECA-DA-FAE_DO.pdf\">Autorizaci\u00f3n Biblioteca FaE &#8211; Doctorado<\/a><\/p>\n<p><a href=\"https:\/\/www.posgrad.fae.ufmg.br\/wp-content\/uploads\/2019\/04\/Formul%C3%A1rio-Requerimento-de-registro-de-Diploma-car%C3%A1ter-priorit%C3%A1rio.pdf\">Formulario &#8211; Solicitud de inscripci\u00f3n prioritaria al Diploma<\/a><\/p>\n<p><a href=\"https:\/\/www2.ufmg.br\/drca\/drca\/Home\/Registro-de-Diplomas\/Taxas-de-Registro-de-Diplomas\">Instrucciones para pagar la 2\u00aa copia de tu diploma  <\/a><\/p>\n<p><strong>5. Pr\u00e1cticas de ense\u00f1anza<\/strong><\/p>\n<p><a href=\"https:\/\/www.posgrad.fae.ufmg.br\/wp-content\/uploads\/2023\/05\/Formul%C3%A1rio-de-Est%C3%A1gio-Docencia.doc\">Formulario de pr\u00e1cticas docentes<\/a><\/p>\n<p><a href=\"https:\/\/www.posgrad.fae.ufmg.br\/wp-content\/uploads\/2023\/05\/relat%C3%B3rio-final-de-est%C3%A1gio-doc%C3%AAncia.docx\">Informe final de pr\u00e1cticas docentes<\/a><\/p>\n<p>&nbsp;<\/p>\n<p>&nbsp;<\/p>\n<p>&nbsp;<\/p>\n<p>&nbsp;<\/p>\n<p>&nbsp;<\/p>\n<\/div>\n<\/div>\n<div><\/div>\n<div><\/div>\n","protected":false},"excerpt":{"rendered":"<p>1. inscripci\u00f3n Forma de cancelaci\u00f3n parcial &#8211; Modelo DRCA Formulario de baja total &#8211; Modelo DRCA Solicitud de inscripci\u00f3n en una Actividad Acad\u00e9mica Optativa &#8211; Estudios de Postgrado Solicitud de Inscripci\u00f3n en Formaci\u00f3n Libre (Optativa) &#8211; Licenciatura 2. Financiero Evaluaci\u00f3n de Becarios PDF WORD Evaluaci\u00f3n de Becarios 6-MANUAL-USUARIO-EXTERNO-SEI-UFMG-1 3. Env\u00edo de documentos Recibo de pago [&hellip;]<\/p>\n","protected":false},"author":2,"featured_media":0,"parent":0,"menu_order":0,"comment_status":"closed","ping_status":"closed","template":"","meta":{"_acf_changed":false,"footnotes":""},"categories":[],"class_list":["post-6729","page","type-page","status-publish","hentry"],"acf":[],"_links":{"self":[{"href":"https:\/\/www.posgrad.fae.ufmg.br\/es\/wp-json\/wp\/v2\/pages\/6729","targetHints":{"allow":["GET"]}}],"collection":[{"href":"https:\/\/www.posgrad.fae.ufmg.br\/es\/wp-json\/wp\/v2\/pages"}],"about":[{"href":"https:\/\/www.posgrad.fae.ufmg.br\/es\/wp-json\/wp\/v2\/types\/page"}],"author":[{"embeddable":true,"href":"https:\/\/www.posgrad.fae.ufmg.br\/es\/wp-json\/wp\/v2\/users\/2"}],"replies":[{"embeddable":true,"href":"https:\/\/www.posgrad.fae.ufmg.br\/es\/wp-json\/wp\/v2\/comments?post=6729"}],"version-history":[{"count":2,"href":"https:\/\/www.posgrad.fae.ufmg.br\/es\/wp-json\/wp\/v2\/pages\/6729\/revisions"}],"predecessor-version":[{"id":7513,"href":"https:\/\/www.posgrad.fae.ufmg.br\/es\/wp-json\/wp\/v2\/pages\/6729\/revisions\/7513"}],"wp:attachment":[{"href":"https:\/\/www.posgrad.fae.ufmg.br\/es\/wp-json\/wp\/v2\/media?parent=6729"}],"wp:term":[{"taxonomy":"category","embeddable":true,"href":"https:\/\/www.posgrad.fae.ufmg.br\/es\/wp-json\/wp\/v2\/categories?post=6729"}],"curies":[{"name":"wp","href":"https:\/\/api.w.org\/{rel}","templated":true}]}}