{"id":6727,"date":"2016-12-07T13:40:03","date_gmt":"2016-12-07T15:40:03","guid":{"rendered":"https:\/\/www.posgrad.fae.ufmg.br\/regulamento-e-normas\/"},"modified":"2025-05-26T21:31:26","modified_gmt":"2025-05-27T00:31:26","slug":"regulamento-e-normas","status":"publish","type":"page","link":"https:\/\/www.posgrad.fae.ufmg.br\/es\/regulamento-e-normas\/","title":{"rendered":"Normas y reglamentos"},"content":{"rendered":"<p><a href=\"https:\/\/www.posgrad.fae.ufmg.br\/wp-content\/uploads\/2021\/01\/Resolu%C3%A7%C3%A3o-n%C2%BA-3-Regulamenta-os-pedidos-de-prorroga%C3%A7%C3%A3o-de-prazo-para-apresenta%C3%A7%C3%A3o-da-Disserta%C3%A7%C3%A3o-ou-Tese.pdf\">Resoluci\u00f3n n\u00ba 3 &#8211; Regula las solicitudes de pr\u00f3rroga del plazo de presentaci\u00f3n de la Disertaci\u00f3n o Tesis<\/a><\/p>\n<p><a href=\"https:\/\/www.posgrad.fae.ufmg.br\/wp-content\/uploads\/2021\/01\/Resolu%C3%A7%C3%A3o-n%C2%BA-8-Disp%C3%B5e-sobre-o-Exame-de-Qualifica%C3%A7%C3%A3o-de-Doutorado.pdf\">Resoluci\u00f3n n\u00ba 8 &#8211; Prev\u00e9 el Examen de Calificaci\u00f3n Doctoral<\/a><\/p>\n","protected":false},"excerpt":{"rendered":"<p>Resoluci\u00f3n n\u00ba 3 &#8211; Regula las solicitudes de pr\u00f3rroga del plazo de presentaci\u00f3n de la Disertaci\u00f3n o Tesis Resoluci\u00f3n n\u00ba 8 &#8211; Prev\u00e9 el Examen de Calificaci\u00f3n Doctoral<\/p>\n","protected":false},"author":2,"featured_media":0,"parent":0,"menu_order":0,"comment_status":"closed","ping_status":"closed","template":"","meta":{"_acf_changed":false,"footnotes":""},"categories":[],"class_list":["post-6727","page","type-page","status-publish","hentry"],"acf":[],"_links":{"self":[{"href":"https:\/\/www.posgrad.fae.ufmg.br\/es\/wp-json\/wp\/v2\/pages\/6727","targetHints":{"allow":["GET"]}}],"collection":[{"href":"https:\/\/www.posgrad.fae.ufmg.br\/es\/wp-json\/wp\/v2\/pages"}],"about":[{"href":"https:\/\/www.posgrad.fae.ufmg.br\/es\/wp-json\/wp\/v2\/types\/page"}],"author":[{"embeddable":true,"href":"https:\/\/www.posgrad.fae.ufmg.br\/es\/wp-json\/wp\/v2\/users\/2"}],"replies":[{"embeddable":true,"href":"https:\/\/www.posgrad.fae.ufmg.br\/es\/wp-json\/wp\/v2\/comments?post=6727"}],"version-history":[{"count":1,"href":"https:\/\/www.posgrad.fae.ufmg.br\/es\/wp-json\/wp\/v2\/pages\/6727\/revisions"}],"predecessor-version":[{"id":6755,"href":"https:\/\/www.posgrad.fae.ufmg.br\/es\/wp-json\/wp\/v2\/pages\/6727\/revisions\/6755"}],"wp:attachment":[{"href":"https:\/\/www.posgrad.fae.ufmg.br\/es\/wp-json\/wp\/v2\/media?parent=6727"}],"wp:term":[{"taxonomy":"category","embeddable":true,"href":"https:\/\/www.posgrad.fae.ufmg.br\/es\/wp-json\/wp\/v2\/categories?post=6727"}],"curies":[{"name":"wp","href":"https:\/\/api.w.org\/{rel}","templated":true}]}}