{"id":6719,"date":"2017-08-23T11:10:18","date_gmt":"2017-08-23T14:10:18","guid":{"rendered":"https:\/\/www.posgrad.fae.ufmg.br\/tecnicos-administrativos\/"},"modified":"2025-05-26T21:31:23","modified_gmt":"2025-05-27T00:31:23","slug":"tecnicos-administrativos","status":"publish","type":"page","link":"https:\/\/www.posgrad.fae.ufmg.br\/es\/pessoas\/tecnicos-administrativos\/","title":{"rendered":"Servidores t\u00e9cnicos Administradores de Educaci\u00f3n"},"content":{"rendered":"<p><strong>Equipo T\u00e9cnico del Programa<\/strong><\/p>\n<p>Gilson Ant\u00f4nio Mathias<\/p>\n<p>Isabela Madeira<\/p>\n<p>Joanice Martins<\/p>\n<p>Lorena Maia<\/p>\n<p>Melissa Cobra Torre<\/p>\n<p>Sandra Mara Oliveira Barros<\/p>\n<p>Viviane Tinorio<\/p>\n<p>&nbsp;<\/p>\n<p><strong>Contactos del programa<\/strong><\/p>\n<p>Tel\u00e9fono &#8211; 3409-5309<\/p>\n<p>colpgsec@fae.ufmg.br<\/p>\n<p>ensino.posfaeufmg@gmail.com<\/p>\n<p>financeiro.posfaeufmg@gmail.com<\/p>\n<p>assessoriaacademica.posfaeufmg@gmail.com<\/p>\n<p>passagens.posfaeufmg@gmail.com<\/p>\n<p>revista@fae.ufmg.br<\/p>\n<p>&nbsp;<\/p>\n<p>&nbsp;<\/p>\n","protected":false},"excerpt":{"rendered":"<p>Equipo T\u00e9cnico del Programa Gilson Ant\u00f4nio Mathias Isabela Madeira Joanice Martins Lorena Maia Melissa Cobra Torre Sandra Mara Oliveira Barros Viviane Tinorio &nbsp; Contactos del programa Tel\u00e9fono &#8211; 3409-5309 colpgsec@fae.ufmg.br ensino.posfaeufmg@gmail.com financeiro.posfaeufmg@gmail.com assessoriaacademica.posfaeufmg@gmail.com passagens.posfaeufmg@gmail.com revista@fae.ufmg.br &nbsp; &nbsp;<\/p>\n","protected":false},"author":5,"featured_media":0,"parent":6749,"menu_order":0,"comment_status":"closed","ping_status":"closed","template":"","meta":{"_acf_changed":false,"footnotes":""},"categories":[],"class_list":["post-6719","page","type-page","status-publish","hentry"],"acf":[],"_links":{"self":[{"href":"https:\/\/www.posgrad.fae.ufmg.br\/es\/wp-json\/wp\/v2\/pages\/6719","targetHints":{"allow":["GET"]}}],"collection":[{"href":"https:\/\/www.posgrad.fae.ufmg.br\/es\/wp-json\/wp\/v2\/pages"}],"about":[{"href":"https:\/\/www.posgrad.fae.ufmg.br\/es\/wp-json\/wp\/v2\/types\/page"}],"author":[{"embeddable":true,"href":"https:\/\/www.posgrad.fae.ufmg.br\/es\/wp-json\/wp\/v2\/users\/5"}],"replies":[{"embeddable":true,"href":"https:\/\/www.posgrad.fae.ufmg.br\/es\/wp-json\/wp\/v2\/comments?post=6719"}],"version-history":[{"count":1,"href":"https:\/\/www.posgrad.fae.ufmg.br\/es\/wp-json\/wp\/v2\/pages\/6719\/revisions"}],"predecessor-version":[{"id":6752,"href":"https:\/\/www.posgrad.fae.ufmg.br\/es\/wp-json\/wp\/v2\/pages\/6719\/revisions\/6752"}],"up":[{"embeddable":true,"href":"https:\/\/www.posgrad.fae.ufmg.br\/es\/wp-json\/wp\/v2\/pages\/6749"}],"wp:attachment":[{"href":"https:\/\/www.posgrad.fae.ufmg.br\/es\/wp-json\/wp\/v2\/media?parent=6719"}],"wp:term":[{"taxonomy":"category","embeddable":true,"href":"https:\/\/www.posgrad.fae.ufmg.br\/es\/wp-json\/wp\/v2\/categories?post=6719"}],"curies":[{"name":"wp","href":"https:\/\/api.w.org\/{rel}","templated":true}]}}