{"id":6704,"date":"2016-12-07T13:40:23","date_gmt":"2016-12-07T15:40:23","guid":{"rendered":"https:\/\/www.posgrad.fae.ufmg.br\/resolucoes\/"},"modified":"2016-12-07T13:40:23","modified_gmt":"2016-12-07T15:40:23","slug":"resolucoes","status":"publish","type":"page","link":"https:\/\/www.posgrad.fae.ufmg.br\/es\/resolucoes\/","title":{"rendered":"Resoluciones"},"content":{"rendered":"<p><a href=\"https:\/\/www.posgrad.fae.ufmg.br\/wp-content\/uploads\/2021\/03\/Resolu%C3%A7%C3%A3o-n-%C2%BA-1_2019_Produ%C3%A7%C3%A3o_Acad%C3%AAmica.pdf\">Resoluci\u00f3n n\u00ba 1_2019_Producci\u00f3n_acad\u00e9mica<\/a><\/p>\n<p><a href=\"https:\/\/www.posgrad.fae.ufmg.br\/wp-content\/uploads\/2021\/02\/Resolu%C3%A7%C3%A3o-n%C2%BA-1-Credenciamento-e-Recredenciamento-1.pdf\">Resoluci\u00f3n n\u00ba 1_2020_Acreditaci\u00f3n y Reacreditaci\u00f3n<\/a><\/p>\n<p><a href=\"https:\/\/www.posgrad.fae.ufmg.br\/wp-content\/uploads\/2023\/01\/MODELO-DE-PLANO-DE-TRABALHO-NO-PPGE.pdf\">PLANTILLA DE PLAN DE TRABAJO<\/a><\/p>\n<p><a href=\"https:\/\/www.posgrad.fae.ufmg.br\/wp-content\/uploads\/2021\/02\/Resolu%C3%A7%C3%A3o-n%C2%BA-2-N%C3%BAmero-m%C3%A1ximo-de-orientandos-por-orientador.pdf\">Resoluci\u00f3n n\u00ba 2 _2020_ N\u00famero m\u00e1ximo de alumnos por supervisor<\/a><\/p>\n<p><a href=\"https:\/\/www.posgrad.fae.ufmg.br\/wp-content\/uploads\/2021\/01\/Resolu%C3%A7%C3%A3o-n%C2%BA-3-Regulamenta-os-pedidos-de-prorroga%C3%A7%C3%A3o-de-prazo-para-apresenta%C3%A7%C3%A3o-da-Disserta%C3%A7%C3%A3o-ou-Tese-1.pdf\">Resoluci\u00f3n n\u00ba 3_2020_Regula las solicitudes de pr\u00f3rroga del plazo de presentaci\u00f3n de una tesina o tesis<\/a><\/p>\n<p><a href=\"https:\/\/www.posgrad.fae.ufmg.br\/wp-content\/uploads\/2021\/02\/Resolu%C3%A7%C3%A3o-n%C2%BA-4-Procedimentos-para-escolha-de-coordenadores-de-Linha-de-Pesquisa-.pdf\">Resoluci\u00f3n n\u00ba 4_2020_Procedimientos para la elecci\u00f3n de coordinadores de L\u00edneas de Investigaci\u00f3n<\/a><\/p>\n<p><a href=\"https:\/\/www.posgrad.fae.ufmg.br\/wp-content\/uploads\/2021\/02\/Resolu%C3%A7%C3%A3o-n%C2%BA-5-Matr%C3%ADcula-em-disciplina-isolada.pdf\">Resoluci\u00f3n n\u00ba 5_2020_Inscripci\u00f3n en una asignatura aislada<\/a><\/p>\n<p><a href=\"https:\/\/www.posgrad.fae.ufmg.br\/wp-content\/uploads\/2021\/02\/Resolu%C3%A7%C3%A3o-n%C2%BA-6-Est%C3%A1gio-Doc%C3%AAncia-.pdf\">Resoluci\u00f3n n\u00ba 6_2020_ Pr\u00e1cticas docentes<\/a><\/p>\n<p><a href=\"https:\/\/www.posgrad.fae.ufmg.br\/wp-content\/uploads\/2021\/02\/Resolu%C3%A7%C3%A3o-n%C2%BA-7-Educa%C3%A7%C3%A3o-em-Revista.pdf\">Resoluci\u00f3n n\u00ba 7_2020_Educaci\u00f3n en Revisi\u00f3n<\/a><\/p>\n<p><a href=\"https:\/\/www.posgrad.fae.ufmg.br\/wp-content\/uploads\/2021\/01\/Resolu%C3%A7%C3%A3o-n%C2%BA-8-Disp%C3%B5e-sobre-o-Exame-de-Qualifica%C3%A7%C3%A3o-de-Doutorado-1.pdf\">Resoluci\u00f3n n\u00ba 8_2020_Decide sobre el Examen de Calificaci\u00f3n de Doctorado<\/a><\/p>\n<p><a href=\"https:\/\/www.posgrad.fae.ufmg.br\/wp-content\/uploads\/2021\/03\/Resolu%C3%A7%C3%A3o-n%C2%BA-9-Avalia%C3%A7%C3%A3o-de-projetos.pdf\">Resoluci\u00f3n n\u00ba 9 &#8211; Evaluaci\u00f3n del proyecto<\/a><\/p>\n<p><a href=\"https:\/\/www.posgrad.fae.ufmg.br\/wp-content\/uploads\/2021\/02\/Resolu%C3%A7%C3%A3o-n%C2%BA-10-Comiss%C3%A3o-de-Acompanhamento-discente.pdf\">Resoluci\u00f3n n\u00ba 10_2020_Comit\u00e9 de Seguimiento de Estudiantes<\/a><\/p>\n<p><a href=\"https:\/\/www.posgrad.fae.ufmg.br\/wp-content\/uploads\/2021\/02\/Resolu%C3%A7%C3%A3o-n%C2%BA-13-Not%C3%B3rio-Saber.pdf\">Resoluci\u00f3n n\u00ba 13_2020_Notorio Saber<\/a><\/p>\n<p><a href=\"https:\/\/www.posgrad.fae.ufmg.br\/wp-content\/uploads\/2021\/02\/Resolu%C3%A7%C3%A3o-n%C2%BA-14-Comiss%C3%A3o-A%C3%A7%C3%B5es-Afirmativas.pdf\">Resoluci\u00f3n 14_2020_Comit\u00e9 de Acci\u00f3n Afirmativa<\/a><\/p>\n<p><a href=\"https:\/\/www.posgrad.fae.ufmg.br\/wp-content\/uploads\/2021\/03\/Resolu%C3%A7%C3%A3o-n%C2%BA-1_2021_Mudan%C3%A7a_de_N%C3%ADvel.pdf\">Resoluci\u00f3n n\u00ba 1_2021_Cambio de nivel<\/a><\/p>\n<p><a href=\"https:\/\/www.posgrad.fae.ufmg.br\/wp-content\/uploads\/2021\/02\/Resolu%C3%A7%C3%A3o_N%C2%B0_2_2021_Regulamenta-os-procedimentos-financeiros-do-PPGE-e-atribui-fun%C3%A7%C3%B5es-%C3%A0-Comiss%C3%A3o-de-Gest%C3%A3o-de-Recursos-1.pdf\">Resoluci\u00f3n n\u00ba 2_2021_Regula los procedimientos financieros del PPGE y asigna funciones al Comit\u00e9 de Gesti\u00f3n de Recursos<\/a><\/p>\n<p><a href=\"https:\/\/www.posgrad.fae.ufmg.br\/wp-content\/uploads\/2021\/03\/Resolu%C3%A7%C3%A3o-n%C2%BA-3_2021-Atualiza-o-funcionamento-da-Comiss%C3%A3o-de-Acompanhamento-e-Autoavalia%C3%A7%C3%A3o-do-Programa.pdf\">Resoluci\u00f3n n\u00ba 3_2021 &#8211; Actualiza el funcionamiento del Comit\u00e9 de Seguimiento y Autoevaluaci\u00f3n del Programa<\/a><\/p>\n<p><a href=\"https:\/\/www.posgrad.fae.ufmg.br\/wp-content\/uploads\/2021\/08\/Resolu%C3%A7%C3%A3o-n%C2%BA-04_2021-uso-de-diferentes-l%C3%ADnguas-na-escrita-e-na-apresenta%C3%A7%C3%A3o-de-disserta%C3%A7%C3%A3o-de-mestrado-e-tese-de-doutorado.pdf\">Resoluci\u00f3n n\u00ba 04_2021 Utilizaci\u00f3n de diferentes lenguas en la redacci\u00f3n y presentaci\u00f3n de trabajos de fin de m\u00e1ster y tesis doctorales<\/a><\/p>\n<p><a href=\"https:\/\/www.posgrad.fae.ufmg.br\/wp-content\/uploads\/2021\/08\/Resolu%C3%A7%C3%A3o-n%C2%BA-5_2021-certificados-de-profici%C3%AAncia-em-l%C3%ADngua-estrangeira.pdf\">Resoluci\u00f3n n\u00ba 5_2021 Certificados de aptitud en lengua extranjera<\/a><\/p>\n<p><a href=\"https:\/\/www.posgrad.fae.ufmg.br\/wp-content\/uploads\/2024\/12\/Resolu%C3%A7%C3%A3o-n%C2%BA01-2024-Doutorado-Latino-Americano.pdf\">Resoluci\u00f3n n\u00ba 01\/2024 Doctorado Latinoamericano<\/a><\/p>\n<p><a href=\"https:\/\/www.posgrad.fae.ufmg.br\/wp-content\/uploads\/2019\/07\/Resolu%C3%A7%C3%A3o-02-2007-Concess%C3%A3o-de-Cr%C3%A9ditos-de-Atividades-de-Comunica%C3%A7%C3%A3o-Cient%C3%ADtica.pdf\">Resoluci\u00f3n 02-2007 &#8211; Concesi\u00f3n de cr\u00e9ditos por actividades de comunicaci\u00f3n cient\u00edfica<\/a><\/p>\n<p><a href=\"https:\/\/www.posgrad.fae.ufmg.br\/wp-content\/uploads\/2016\/12\/Residencia-P%C3%B3s-Doutoral-Aprovada-pelo-CEPE-em-23_05_2017.pdf\">Resoluci\u00f3n de Residencia Postdoctoral Aprobada por CEPE el 23_05_2017<\/a><\/p>\n<p><a href=\"https:\/\/www.posgrad.fae.ufmg.br\/wp-content\/uploads\/2016\/12\/Resolucao-Politicas-de-Acoes-Afirmativas.pdf\">Resoluci\u00f3n-Pol\u00edticas de Acci\u00f3n Afirmativa_Aprobada_04-2017<\/a><\/p>\n<p><a href=\"https:\/\/www.posgrad.fae.ufmg.br\/wp-content\/uploads\/2023\/12\/Resolu%C3%A7%C3%A3o-CEPE-N-08-2023.pdf\">Resoluci\u00f3n CEPE n\u00ba 08\/2023, de 16\/11\/2023<\/a><\/p>\n<p>&nbsp;<\/p>\n<p>&nbsp;<\/p>\n<p>&nbsp;<\/p>\n<p>&nbsp;<\/p>\n","protected":false},"excerpt":{"rendered":"<p>Resoluci\u00f3n n\u00ba 1_2019_Producci\u00f3n_acad\u00e9mica Resoluci\u00f3n n\u00ba 1_2020_Acreditaci\u00f3n y Reacreditaci\u00f3n PLANTILLA DE PLAN DE TRABAJO Resoluci\u00f3n n\u00ba 2 _2020_ N\u00famero m\u00e1ximo de alumnos por supervisor Resoluci\u00f3n n\u00ba 3_2020_Regula las solicitudes de pr\u00f3rroga del plazo de presentaci\u00f3n de una tesina o tesis Resoluci\u00f3n n\u00ba 4_2020_Procedimientos para la elecci\u00f3n de coordinadores de L\u00edneas de Investigaci\u00f3n Resoluci\u00f3n n\u00ba 5_2020_Inscripci\u00f3n en [&hellip;]<\/p>\n","protected":false},"author":2,"featured_media":0,"parent":0,"menu_order":0,"comment_status":"closed","ping_status":"closed","template":"","meta":{"_acf_changed":false,"footnotes":""},"categories":[],"class_list":["post-6704","page","type-page","status-publish","hentry"],"acf":[],"_links":{"self":[{"href":"https:\/\/www.posgrad.fae.ufmg.br\/es\/wp-json\/wp\/v2\/pages\/6704","targetHints":{"allow":["GET"]}}],"collection":[{"href":"https:\/\/www.posgrad.fae.ufmg.br\/es\/wp-json\/wp\/v2\/pages"}],"about":[{"href":"https:\/\/www.posgrad.fae.ufmg.br\/es\/wp-json\/wp\/v2\/types\/page"}],"author":[{"embeddable":true,"href":"https:\/\/www.posgrad.fae.ufmg.br\/es\/wp-json\/wp\/v2\/users\/2"}],"replies":[{"embeddable":true,"href":"https:\/\/www.posgrad.fae.ufmg.br\/es\/wp-json\/wp\/v2\/comments?post=6704"}],"version-history":[{"count":0,"href":"https:\/\/www.posgrad.fae.ufmg.br\/es\/wp-json\/wp\/v2\/pages\/6704\/revisions"}],"wp:attachment":[{"href":"https:\/\/www.posgrad.fae.ufmg.br\/es\/wp-json\/wp\/v2\/media?parent=6704"}],"wp:term":[{"taxonomy":"category","embeddable":true,"href":"https:\/\/www.posgrad.fae.ufmg.br\/es\/wp-json\/wp\/v2\/categories?post=6704"}],"curies":[{"name":"wp","href":"https:\/\/api.w.org\/{rel}","templated":true}]}}