{"id":6694,"date":"2017-07-12T09:18:08","date_gmt":"2017-07-12T12:18:08","guid":{"rendered":"https:\/\/www.posgrad.fae.ufmg.br\/mestrado\/"},"modified":"2025-05-26T21:31:14","modified_gmt":"2025-05-27T00:31:14","slug":"mestrado","status":"publish","type":"page","link":"https:\/\/www.posgrad.fae.ufmg.br\/es\/cursos\/mestrado\/","title":{"rendered":"Maestro"},"content":{"rendered":"<p>El plan de estudios del M\u00e1ster en Educaci\u00f3n se organiza en dos etapas previas a la tesina final. La primera, que es obligatoria y precede a todas las dem\u00e1s actividades, se centra en la reflexi\u00f3n cr\u00edtica sobre las pr\u00e1cticas individuales de los estudiantes, utilizando como material did\u00e1ctico el proyecto de trabajo presentado por los candidatos en el momento de la inscripci\u00f3n. En la segunda fase, los alumnos se re\u00fanen en grupos seg\u00fan sus temas de investigaci\u00f3n y son guiados por los profesores para elaborar proyectos de tesina, definir programas de estudio, realizar cursos y participar en actividades.  <\/p>\n<p>La duraci\u00f3n del m\u00e1ster es de un m\u00ednimo de un (1) a\u00f1o y un m\u00e1ximo de dos a\u00f1os y medio (2,5), y requiere la superaci\u00f3n de veinticuatro (24) cr\u00e9ditos y la defensa de una tesina.<\/p>\n","protected":false},"excerpt":{"rendered":"<p>El plan de estudios del M\u00e1ster en Educaci\u00f3n se organiza en dos etapas previas a la tesina final. La primera, que es obligatoria y precede a todas las dem\u00e1s actividades, se centra en la reflexi\u00f3n cr\u00edtica sobre las pr\u00e1cticas individuales de los estudiantes, utilizando como material did\u00e1ctico el proyecto de trabajo presentado por los candidatos [&hellip;]<\/p>\n","protected":false},"author":2,"featured_media":0,"parent":6733,"menu_order":0,"comment_status":"closed","ping_status":"closed","template":"","meta":{"_acf_changed":false,"footnotes":""},"categories":[],"class_list":["post-6694","page","type-page","status-publish","hentry"],"acf":[],"_links":{"self":[{"href":"https:\/\/www.posgrad.fae.ufmg.br\/es\/wp-json\/wp\/v2\/pages\/6694","targetHints":{"allow":["GET"]}}],"collection":[{"href":"https:\/\/www.posgrad.fae.ufmg.br\/es\/wp-json\/wp\/v2\/pages"}],"about":[{"href":"https:\/\/www.posgrad.fae.ufmg.br\/es\/wp-json\/wp\/v2\/types\/page"}],"author":[{"embeddable":true,"href":"https:\/\/www.posgrad.fae.ufmg.br\/es\/wp-json\/wp\/v2\/users\/2"}],"replies":[{"embeddable":true,"href":"https:\/\/www.posgrad.fae.ufmg.br\/es\/wp-json\/wp\/v2\/comments?post=6694"}],"version-history":[{"count":1,"href":"https:\/\/www.posgrad.fae.ufmg.br\/es\/wp-json\/wp\/v2\/pages\/6694\/revisions"}],"predecessor-version":[{"id":6734,"href":"https:\/\/www.posgrad.fae.ufmg.br\/es\/wp-json\/wp\/v2\/pages\/6694\/revisions\/6734"}],"up":[{"embeddable":true,"href":"https:\/\/www.posgrad.fae.ufmg.br\/es\/wp-json\/wp\/v2\/pages\/6733"}],"wp:attachment":[{"href":"https:\/\/www.posgrad.fae.ufmg.br\/es\/wp-json\/wp\/v2\/media?parent=6694"}],"wp:term":[{"taxonomy":"category","embeddable":true,"href":"https:\/\/www.posgrad.fae.ufmg.br\/es\/wp-json\/wp\/v2\/categories?post=6694"}],"curies":[{"name":"wp","href":"https:\/\/api.w.org\/{rel}","templated":true}]}}