{"id":6684,"date":"2017-07-12T09:18:24","date_gmt":"2017-07-12T12:18:24","guid":{"rendered":"https:\/\/www.posgrad.fae.ufmg.br\/doutorado\/"},"modified":"2025-05-26T21:31:14","modified_gmt":"2025-05-27T00:31:14","slug":"doutorado","status":"publish","type":"page","link":"https:\/\/www.posgrad.fae.ufmg.br\/es\/cursos\/doutorado\/","title":{"rendered":"Doctorado"},"content":{"rendered":"<p>El plan de estudios del Programa de Doctorado en Educaci\u00f3n incluye cursos, seminarios de investigaci\u00f3n y actividades en el contexto de la l\u00ednea de investigaci\u00f3n a la que el candidato sea admitido. El Consejo del Programa es el \u00f3rgano de discusi\u00f3n y seguimiento de la trayectoria de los doctorandos, coordinando las actividades y temas de inter\u00e9s com\u00fan para los alumnos de las distintas l\u00edneas de investigaci\u00f3n. <\/p>\n<p>La duraci\u00f3n del curso de doctorado es de un m\u00ednimo de dos (2) a\u00f1os y un m\u00e1ximo de cuatro (4) a\u00f1os, con la superaci\u00f3n de 24 (veinticuatro) cr\u00e9ditos, el examen de aptitud y la defensa de la tesis.<\/p>\n","protected":false},"excerpt":{"rendered":"<p>El plan de estudios del Programa de Doctorado en Educaci\u00f3n incluye cursos, seminarios de investigaci\u00f3n y actividades en el contexto de la l\u00ednea de investigaci\u00f3n a la que el candidato sea admitido. El Consejo del Programa es el \u00f3rgano de discusi\u00f3n y seguimiento de la trayectoria de los doctorandos, coordinando las actividades y temas de [&hellip;]<\/p>\n","protected":false},"author":2,"featured_media":0,"parent":6733,"menu_order":0,"comment_status":"closed","ping_status":"closed","template":"","meta":{"_acf_changed":false,"footnotes":""},"categories":[],"class_list":["post-6684","page","type-page","status-publish","hentry"],"acf":[],"_links":{"self":[{"href":"https:\/\/www.posgrad.fae.ufmg.br\/es\/wp-json\/wp\/v2\/pages\/6684","targetHints":{"allow":["GET"]}}],"collection":[{"href":"https:\/\/www.posgrad.fae.ufmg.br\/es\/wp-json\/wp\/v2\/pages"}],"about":[{"href":"https:\/\/www.posgrad.fae.ufmg.br\/es\/wp-json\/wp\/v2\/types\/page"}],"author":[{"embeddable":true,"href":"https:\/\/www.posgrad.fae.ufmg.br\/es\/wp-json\/wp\/v2\/users\/2"}],"replies":[{"embeddable":true,"href":"https:\/\/www.posgrad.fae.ufmg.br\/es\/wp-json\/wp\/v2\/comments?post=6684"}],"version-history":[{"count":1,"href":"https:\/\/www.posgrad.fae.ufmg.br\/es\/wp-json\/wp\/v2\/pages\/6684\/revisions"}],"predecessor-version":[{"id":6737,"href":"https:\/\/www.posgrad.fae.ufmg.br\/es\/wp-json\/wp\/v2\/pages\/6684\/revisions\/6737"}],"up":[{"embeddable":true,"href":"https:\/\/www.posgrad.fae.ufmg.br\/es\/wp-json\/wp\/v2\/pages\/6733"}],"wp:attachment":[{"href":"https:\/\/www.posgrad.fae.ufmg.br\/es\/wp-json\/wp\/v2\/media?parent=6684"}],"wp:term":[{"taxonomy":"category","embeddable":true,"href":"https:\/\/www.posgrad.fae.ufmg.br\/es\/wp-json\/wp\/v2\/categories?post=6684"}],"curies":[{"name":"wp","href":"https:\/\/api.w.org\/{rel}","templated":true}]}}