{"id":6623,"date":"2018-01-04T10:13:57","date_gmt":"2018-01-04T12:13:57","guid":{"rendered":"https:\/\/www.posgrad.fae.ufmg.br\/instrucoes-para-alunos-novatos\/"},"modified":"2025-05-26T21:30:49","modified_gmt":"2025-05-27T00:30:49","slug":"instrucoes-para-alunos-novatos","status":"publish","type":"page","link":"https:\/\/www.posgrad.fae.ufmg.br\/es\/instrucoes-para-alunos-novatos\/","title":{"rendered":"INSTRUCCIONES PARA NUEVOS ALUMNOS"},"content":{"rendered":"<p><strong>EXPEDIENTE ACAD\u00c9MICO DE LOS ALUMNOS DE NUEVO INGRESO EN 2025<br \/>\n<\/strong><\/p>\n<p>Los candidatos aprobados y aptos para el Proceso de Selecci\u00f3n 2025 deber\u00e1n inscribirse exclusivamente por Internet <strong>entre el 23 de diciembre de 2024 y el 10 de enero de 2025<\/strong>, rellenando <strong>el<\/strong> formulario disponible en la p\u00e1gina web https:\/\/sistemas.ufmg.br\/cadastroprevio y enviando la siguiente documentaci\u00f3n a processoseletivo.posfaeufmg@gmail.com <strong>antes del 10 de enero de<\/strong><strong> 2025<\/strong>:<\/p>\n<p>a) certificado de alta electoral emitido por la p\u00e1gina web del TSE, www.tse.jus.br\/eleitor\/certidoes\/certidao-de-quitacao-eleitoral. No se aceptar\u00e1n certificados de voto individuales en el caso de candidatos brasile\u00f1os; <\/p>\n<p>b) prueba de estar al corriente de las obligaciones militares, en el caso de los candidatos brasile\u00f1os de sexo masculino;<\/p>\n<p>c) Prueba reciente de residencia (\u00faltimos cuatro meses), en el caso de solicitantes brasile\u00f1os;<\/p>\n<p>d) certificado de nacimiento o de matrimonio, en el caso de los candidatos brasile\u00f1os.<\/p>\n<p>El Departamento de Registro y Control Acad\u00e9mico (DRCA) realizar\u00e1 las gestiones para llevar a cabo el Registro Acad\u00e9mico una vez que haya recibido la documentaci\u00f3n completa de los candidatos aprobados y clasificados en el Proceso de Selecci\u00f3n, en la forma requerida (copias legibles sin tachaduras), y una vez que el candidato aprobado y clasificado en el Proceso de Selecci\u00f3n haya cumplimentado el Formulario de Registro Previo. La documentaci\u00f3n completa de los seleccionados ser\u00e1 enviada a la DRCA por la Secretar\u00eda del Programa antes del <strong>27 de febrero de 2025.<\/strong> <\/p>\n<p>Los candidatos que hayan presentado un documento que acredite que est\u00e1n en condiciones de finalizar su licenciatura antes del periodo de Inscripci\u00f3n Acad\u00e9mica para el curso de postgrado deber\u00e1n presentar a la Secretar\u00eda del Programa un documento que acredite que han finalizado su licenciatura <strong>antes del<\/strong> <strong>25 de febrero de 2025<\/strong>(copia del t\u00edtulo de licenciatura expedido por un centro oficial u oficialmente reconocido o una declaraci\u00f3n de finalizaci\u00f3n en la que conste la fecha de graduaci\u00f3n). No se aceptar\u00e1n declaraciones que est\u00e9n pendientes de finalizaci\u00f3n o concesi\u00f3n. <\/p>\n<p>En el caso de un curso de licenciatura realizado en el extranjero, deber\u00e1 remitirse a la Secretar\u00eda del Programa <strong>, antes del 25 de febrero de 2025<\/strong>, una copia del t\u00edtulo de licenciatura con la correspondiente legalizaci\u00f3n consular, de acuerdo con la legislaci\u00f3n vigente, y una traducci\u00f3n jurada al portugu\u00e9s del t\u00edtulo de licenciatura, excepto los expedidos en espa\u00f1ol, franc\u00e9s e ingl\u00e9s.<\/p>\n<p> <strong> Los candidatos extranjeros<\/strong> deber\u00e1n presentar a la Secretar\u00eda del Programa, <strong>hasta el 25 de febrero de 2025<\/strong>, su Registro Nacional de Extranjero (RNE) o Registro Nacional Migratorio (RNM) o Certificado de Registro expedido por la Polic\u00eda Federal; pasaporte con Visado Permanente v\u00e1lido o Visado Temporal de Estudiante o Visado Mercosur; prueba de residencia en Brasil; CPF y otros documentos que ser\u00e1n informados por la Secretar\u00eda del Programa.<\/p>\n<p>Est\u00e1 prohibida la inscripci\u00f3n acad\u00e9mica simult\u00e1nea en m\u00e1s de un curso de grado o en m\u00e1s de un curso de postgrado, de acuerdo con lo dispuesto en el art. 39, \u00a7 2, del Reglamento General de la UFMG.<\/p>\n<p><strong>El aspirante seleccionado que no realice la Preinscripci\u00f3n en la fecha prevista para este tr\u00e1mite o no presente alguno de los documentos solicitados en la Convocatoria P\u00fablica, perder\u00e1 autom\u00e1ticamente el derecho a la plaza y se le considerar\u00e1 formalmente desistido.<\/strong><\/p>\n<p>La(s) vacante(s) resultante(s) de estas situaciones se cubrir\u00e1(n) llamando a otros candidatos seleccionados hasta la fecha l\u00edmite de env\u00edo de la documentaci\u00f3n a la DRCA, respetando estrictamente el orden de clasificaci\u00f3n en el Proceso de Selecci\u00f3n.<\/p>\n<p><a href=\"https:\/\/www.posgrad.fae.ufmg.br\/wp-content\/uploads\/2025\/01\/Rela%C3%A7%C3%A3o-dos-orientadores-da-Turma-2025-Mestrado_Doutorado_Suplementar_DLA.pdf\">Lista de supervisores para Clase-2025-Master_Doctorado_Suplementario_DLA<\/a><\/p>\n<p>Lista de n\u00fameros de inscripci\u00f3n actualizada el 20\/02\/2025<\/p>\n<p><a href=\"https:\/\/www.posgrad.fae.ufmg.br\/wp-content\/uploads\/2025\/02\/N%C3%BAmeros-de-Matr%C3%ADcula-Mestrado-2025-1-3.pdf\">N\u00fameros de matriculaci\u00f3n en m\u00e1steres 2025\/1<\/a><\/p>\n<p><a href=\"https:\/\/www.posgrad.fae.ufmg.br\/wp-content\/uploads\/2025\/02\/N%C3%BAmeros-de-Matr%C3%ADcula-Doutorado-2025-1-2.pdf\">Cifras de matriculaci\u00f3n en doctorado 2025\/1<\/a><\/p>\n<p><strong>Matr\u00edcula para estudiantes que ingresen en 2025\/1<\/strong><\/p>\n<p>Fecha l\u00edmite para enviar la propuesta de inscripci\u00f3n a trav\u00e9s del sistema myufmg: 06\/02\/2025 (hasta las 23:59)<\/p>\n<p>Nota: Los estudiantes que no tengan acceso al sistema myufmg antes del 06\/02\/2025 y, por tanto, no puedan presentar su propuesta de matr\u00edcula dentro de este plazo, deber\u00e1n esperar nuevas instrucciones de la secretar\u00eda del PPGE.<\/p>\n","protected":false},"excerpt":{"rendered":"<p>EXPEDIENTE ACAD\u00c9MICO DE LOS ALUMNOS DE NUEVO INGRESO EN 2025 Los candidatos aprobados y aptos para el Proceso de Selecci\u00f3n 2025 deber\u00e1n inscribirse exclusivamente por Internet entre el 23 de diciembre de 2024 y el 10 de enero de 2025, rellenando el formulario disponible en la p\u00e1gina web https:\/\/sistemas.ufmg.br\/cadastroprevio y enviando la siguiente documentaci\u00f3n a [&hellip;]<\/p>\n","protected":false},"author":5,"featured_media":0,"parent":0,"menu_order":0,"comment_status":"closed","ping_status":"closed","template":"","meta":{"_acf_changed":false,"footnotes":""},"categories":[],"class_list":["post-6623","page","type-page","status-publish","hentry"],"acf":[],"_links":{"self":[{"href":"https:\/\/www.posgrad.fae.ufmg.br\/es\/wp-json\/wp\/v2\/pages\/6623","targetHints":{"allow":["GET"]}}],"collection":[{"href":"https:\/\/www.posgrad.fae.ufmg.br\/es\/wp-json\/wp\/v2\/pages"}],"about":[{"href":"https:\/\/www.posgrad.fae.ufmg.br\/es\/wp-json\/wp\/v2\/types\/page"}],"author":[{"embeddable":true,"href":"https:\/\/www.posgrad.fae.ufmg.br\/es\/wp-json\/wp\/v2\/users\/5"}],"replies":[{"embeddable":true,"href":"https:\/\/www.posgrad.fae.ufmg.br\/es\/wp-json\/wp\/v2\/comments?post=6623"}],"version-history":[{"count":1,"href":"https:\/\/www.posgrad.fae.ufmg.br\/es\/wp-json\/wp\/v2\/pages\/6623\/revisions"}],"predecessor-version":[{"id":6699,"href":"https:\/\/www.posgrad.fae.ufmg.br\/es\/wp-json\/wp\/v2\/pages\/6623\/revisions\/6699"}],"wp:attachment":[{"href":"https:\/\/www.posgrad.fae.ufmg.br\/es\/wp-json\/wp\/v2\/media?parent=6623"}],"wp:term":[{"taxonomy":"category","embeddable":true,"href":"https:\/\/www.posgrad.fae.ufmg.br\/es\/wp-json\/wp\/v2\/categories?post=6623"}],"curies":[{"name":"wp","href":"https:\/\/api.w.org\/{rel}","templated":true}]}}