{"id":6564,"date":"2017-08-30T16:08:00","date_gmt":"2017-08-30T19:08:00","guid":{"rendered":"https:\/\/www.posgrad.fae.ufmg.br\/portariasdeclaracoes\/"},"modified":"2025-05-26T21:30:46","modified_gmt":"2025-05-27T00:30:46","slug":"portariasdeclaracoes","status":"publish","type":"page","link":"https:\/\/www.posgrad.fae.ufmg.br\/es\/portariasdeclaracoes\/","title":{"rendered":"ORDENANZAS\/DECLARACIONES"},"content":{"rendered":"<p><a href=\"https:\/\/www.posgrad.fae.ufmg.br\/wp-content\/uploads\/2025\/01\/PORTARIA-COMISS%C3%83O-GERAL-DE-SELE%C3%87%C3%83O-DINTER-N%C2%BA-01-2025.pdf\">ORDENANZA DE LA COMISI\u00d3N DE SELECCI\u00d3N GENERAL DINTER UFMG\/IF Sudeste MG N\u00ba 01\/2025<\/a><\/p>\n<p><a href=\"https:\/\/www.posgrad.fae.ufmg.br\/wp-content\/uploads\/2025\/01\/Declara%C3%A7%C3%A3o-de-N%C3%A3o-Impedimento-e-Suspei%C3%A7%C3%A3o-Comiss%C3%A3o-Geral-de-Sele%C3%A7%C3%A3o-Dinter-2025.pdf\">Declaraci\u00f3n de No Impedimento y Sospecha Comisi\u00f3n General de Selecci\u00f3n Dinter UFMG\/IF Sudeste MG 2025<\/a><\/p>\n<p><a href=\"https:\/\/www.posgrad.fae.ufmg.br\/wp-content\/uploads\/2025\/01\/Declara%C3%A7%C3%A3o-de-N%C3%A3o-Impedimento-e-Suspei%C3%A7%C3%A3o-Comiss%C3%B5es-Examinadoras-Espec%C3%ADficas-Dinter-UFMGIF-Sudeste-MG-2025.pdf\">Declaraci\u00f3n de No Impedimento y Sospecha Comisiones Examinadoras Espec\u00edficas Dinter UFMG\/IF Sudeste MG 2025<\/a><\/p>\n<p><a href=\"https:\/\/www.posgrad.fae.ufmg.br\/wp-content\/uploads\/2024\/12\/PORTARIA-COMISS%C3%83O-HETEROIDENTIFICA%C3%87%C3%83O-N%C2%BA-03-2024.pdf\">ORDENANZA COMISI\u00d3N HETEROIDENTIFICACI\u00d3N N\u00ba 03\/2024<\/a><\/p>\n<p><a href=\"https:\/\/www.posgrad.fae.ufmg.br\/wp-content\/uploads\/2024\/09\/PORTARIA-COMISS%C3%83O-GERAL-DE-SELE%C3%87%C3%83O-N%C2%BA-02-2024.pdf\">ORDENANZA COMIT\u00c9 GENERAL DE SELECCI\u00d3N N\u00ba 02\/2024<\/a><\/p>\n<p><a href=\"https:\/\/www.posgrad.fae.ufmg.br\/wp-content\/uploads\/2024\/09\/Declara%C3%A7%C3%A3o-de-N%C3%A3o-Impedimento-e-Suspei%C3%A7%C3%A3o-Comiss%C3%A3o-Geral-de-Sele%C3%A7%C3%A3o-2025.pdf\">Declaraci\u00f3n de no impedimento y sospecha Comisi\u00f3n General de Selecci\u00f3n 2025<\/a><\/p>\n<p><a href=\"https:\/\/www.posgrad.fae.ufmg.br\/wp-content\/uploads\/2024\/09\/Declara%C3%A7%C3%A3o-de-N%C3%A3o-Impedimento-e-Suspei%C3%A7%C3%A3o-Comiss%C3%B5es-Examinadoras-Espec%C3%ADficas-Mestrado-2025.pdf\">Declaraci\u00f3n de No Impedimento y Sospecha Comit\u00e9s de Examen Espec\u00edficos M\u00e1ster 2025<\/a><\/p>\n<p><a href=\"https:\/\/www.posgrad.fae.ufmg.br\/wp-content\/uploads\/2024\/09\/Declara%C3%A7%C3%A3o-de-N%C3%A3o-Impedimento-e-Suspei%C3%A7%C3%A3o-Comiss%C3%B5es-Examinadoras-Espec%C3%ADficas-Doutorado-2025.pdf\">Declaraci\u00f3n de no impedimento y sospecha Comisiones examinadoras espec\u00edficas Doctorado 2025<\/a><\/p>\n<p><a href=\"https:\/\/www.posgrad.fae.ufmg.br\/wp-content\/uploads\/2024\/09\/Declara%C3%A7%C3%A3o-de-N%C3%A3o-Impedimento-e-Suspei%C3%A7%C3%A3o-Comiss%C3%B5es-Examinadoras-Espec%C3%ADficas-DLA-2025.pdf\">Declaraci\u00f3n de no impedimento y sospecha Comit\u00e9s de examen espec\u00edficos ADL 2025<\/a><\/p>\n","protected":false},"excerpt":{"rendered":"<p>ORDENANZA DE LA COMISI\u00d3N DE SELECCI\u00d3N GENERAL DINTER UFMG\/IF Sudeste MG N\u00ba 01\/2025 Declaraci\u00f3n de No Impedimento y Sospecha Comisi\u00f3n General de Selecci\u00f3n Dinter UFMG\/IF Sudeste MG 2025 Declaraci\u00f3n de No Impedimento y Sospecha Comisiones Examinadoras Espec\u00edficas Dinter UFMG\/IF Sudeste MG 2025 ORDENANZA COMISI\u00d3N HETEROIDENTIFICACI\u00d3N N\u00ba 03\/2024 ORDENANZA COMIT\u00c9 GENERAL DE SELECCI\u00d3N N\u00ba 02\/2024 Declaraci\u00f3n [&hellip;]<\/p>\n","protected":false},"author":5,"featured_media":0,"parent":0,"menu_order":0,"comment_status":"closed","ping_status":"closed","template":"","meta":{"_acf_changed":false,"footnotes":""},"categories":[],"class_list":["post-6564","page","type-page","status-publish","hentry"],"acf":[],"_links":{"self":[{"href":"https:\/\/www.posgrad.fae.ufmg.br\/es\/wp-json\/wp\/v2\/pages\/6564","targetHints":{"allow":["GET"]}}],"collection":[{"href":"https:\/\/www.posgrad.fae.ufmg.br\/es\/wp-json\/wp\/v2\/pages"}],"about":[{"href":"https:\/\/www.posgrad.fae.ufmg.br\/es\/wp-json\/wp\/v2\/types\/page"}],"author":[{"embeddable":true,"href":"https:\/\/www.posgrad.fae.ufmg.br\/es\/wp-json\/wp\/v2\/users\/5"}],"replies":[{"embeddable":true,"href":"https:\/\/www.posgrad.fae.ufmg.br\/es\/wp-json\/wp\/v2\/comments?post=6564"}],"version-history":[{"count":1,"href":"https:\/\/www.posgrad.fae.ufmg.br\/es\/wp-json\/wp\/v2\/pages\/6564\/revisions"}],"predecessor-version":[{"id":6695,"href":"https:\/\/www.posgrad.fae.ufmg.br\/es\/wp-json\/wp\/v2\/pages\/6564\/revisions\/6695"}],"wp:attachment":[{"href":"https:\/\/www.posgrad.fae.ufmg.br\/es\/wp-json\/wp\/v2\/media?parent=6564"}],"wp:term":[{"taxonomy":"category","embeddable":true,"href":"https:\/\/www.posgrad.fae.ufmg.br\/es\/wp-json\/wp\/v2\/categories?post=6564"}],"curies":[{"name":"wp","href":"https:\/\/api.w.org\/{rel}","templated":true}]}}