{"id":6563,"date":"2017-09-04T15:53:15","date_gmt":"2017-09-04T18:53:15","guid":{"rendered":"https:\/\/www.posgrad.fae.ufmg.br\/modelo-para-elaboracao-de-recurso\/"},"modified":"2025-05-26T21:30:45","modified_gmt":"2025-05-27T00:30:45","slug":"modelo-para-elaboracao-de-recurso","status":"publish","type":"page","link":"https:\/\/www.posgrad.fae.ufmg.br\/es\/modelo-para-elaboracao-de-recurso\/","title":{"rendered":"Plantilla para redactar un recurso"},"content":{"rendered":"<p><a href=\"https:\/\/www.posgrad.fae.ufmg.br\/wp-content\/uploads\/2025\/02\/modelo-de-recurso-contra-RESULTADO_FINAL-Dinter-2025.docx\">modelo-apelaci\u00f3n-contra-resultado-final-dinter-2025<\/a><\/p>\n<p><a href=\"https:\/\/www.posgrad.fae.ufmg.br\/wp-content\/uploads\/2025\/01\/modelo-de-recurso-contra-resultado-primeira-etapa-Dinter-2025.docx\">modelo-apelaci\u00f3n-contra-resultado-primera-fase-Dinter-2025<\/a><\/p>\n<p><a href=\"https:\/\/www.posgrad.fae.ufmg.br\/wp-content\/uploads\/2025\/01\/modelo-de-recurso-contra-homologa%C3%A7%C3%A3o-Dinter-2025.docx\">modelo-apelaci\u00f3n-contra-la-homologaci\u00f3n-Dinter-2025<\/a><\/p>\n<p><a href=\"https:\/\/www.posgrad.fae.ufmg.br\/wp-content\/uploads\/2025\/01\/modelo-de-recurso-contra-Procedimento_de_Heteroidentifica%C3%A7%C3%A3o-ME-DO-2025.docx\">procedimiento-modelo-de-apelaci\u00f3n-contra-la-heteroidentificaci\u00f3n-ME-DO-2025<\/a><\/p>\n<p><a href=\"https:\/\/www.posgrad.fae.ufmg.br\/wp-content\/uploads\/2024\/12\/modelo-de-recurso-contra-RESULTADO_FINAL-ME-DO-DLA-Vagas-Suplementares-2025.docx\">modelo-apelaci\u00f3n-contra-resultado-final-del-suplemento-dla-plaza-2025<\/a><\/p>\n<p><a href=\"https:\/\/www.posgrad.fae.ufmg.br\/wp-content\/uploads\/2024\/10\/modelo-de-recurso-contra-resultado-primeira-etapa-ME-DO-DLA-Vagas-Suplementares-2025.docx\">modelo-apelaci\u00f3n-contra-resultado-primera-fase-ME-DO-DLA-Suplemento-Vacantes-2025<\/a><\/p>\n<p><a href=\"https:\/\/www.posgrad.fae.ufmg.br\/wp-content\/uploads\/2024\/09\/modelo-de-recurso-contra-homologa%C3%A7%C3%A3o-ME-DO-DLA-Vagas-Suplementares-2025.docx\">modelo-apelaci\u00f3n-contra-homologaci\u00f3n-ME-DO-DLA-Suplemento-Vacantes-2025<\/a><\/p>\n<p>&nbsp;<\/p>\n<p>&nbsp;<\/p>\n<p>&nbsp;<\/p>\n","protected":false},"excerpt":{"rendered":"<p>modelo-apelaci\u00f3n-contra-resultado-final-dinter-2025 modelo-apelaci\u00f3n-contra-resultado-primera-fase-Dinter-2025 modelo-apelaci\u00f3n-contra-la-homologaci\u00f3n-Dinter-2025 procedimiento-modelo-de-apelaci\u00f3n-contra-la-heteroidentificaci\u00f3n-ME-DO-2025 modelo-apelaci\u00f3n-contra-resultado-final-del-suplemento-dla-plaza-2025 modelo-apelaci\u00f3n-contra-resultado-primera-fase-ME-DO-DLA-Suplemento-Vacantes-2025 modelo-apelaci\u00f3n-contra-homologaci\u00f3n-ME-DO-DLA-Suplemento-Vacantes-2025 &nbsp; &nbsp; &nbsp;<\/p>\n","protected":false},"author":5,"featured_media":0,"parent":0,"menu_order":0,"comment_status":"closed","ping_status":"closed","template":"","meta":{"_acf_changed":false,"footnotes":""},"categories":[],"class_list":["post-6563","page","type-page","status-publish","hentry"],"acf":[],"_links":{"self":[{"href":"https:\/\/www.posgrad.fae.ufmg.br\/es\/wp-json\/wp\/v2\/pages\/6563","targetHints":{"allow":["GET"]}}],"collection":[{"href":"https:\/\/www.posgrad.fae.ufmg.br\/es\/wp-json\/wp\/v2\/pages"}],"about":[{"href":"https:\/\/www.posgrad.fae.ufmg.br\/es\/wp-json\/wp\/v2\/types\/page"}],"author":[{"embeddable":true,"href":"https:\/\/www.posgrad.fae.ufmg.br\/es\/wp-json\/wp\/v2\/users\/5"}],"replies":[{"embeddable":true,"href":"https:\/\/www.posgrad.fae.ufmg.br\/es\/wp-json\/wp\/v2\/comments?post=6563"}],"version-history":[{"count":1,"href":"https:\/\/www.posgrad.fae.ufmg.br\/es\/wp-json\/wp\/v2\/pages\/6563\/revisions"}],"predecessor-version":[{"id":6692,"href":"https:\/\/www.posgrad.fae.ufmg.br\/es\/wp-json\/wp\/v2\/pages\/6563\/revisions\/6692"}],"wp:attachment":[{"href":"https:\/\/www.posgrad.fae.ufmg.br\/es\/wp-json\/wp\/v2\/media?parent=6563"}],"wp:term":[{"taxonomy":"category","embeddable":true,"href":"https:\/\/www.posgrad.fae.ufmg.br\/es\/wp-json\/wp\/v2\/categories?post=6563"}],"curies":[{"name":"wp","href":"https:\/\/api.w.org\/{rel}","templated":true}]}}