{"id":6547,"date":"2019-07-04T14:52:16","date_gmt":"2019-07-04T17:52:16","guid":{"rendered":"https:\/\/www.posgrad.fae.ufmg.br\/portarias\/"},"modified":"2025-05-26T21:31:09","modified_gmt":"2025-05-27T00:31:09","slug":"portarias","status":"publish","type":"page","link":"https:\/\/www.posgrad.fae.ufmg.br\/es\/regulamento-e-normas\/portarias\/","title":{"rendered":"Ordenanzas"},"content":{"rendered":"<p><a href=\"https:\/\/www.posgrad.fae.ufmg.br\/wp-content\/uploads\/2025\/04\/PORTARIA-COMISS%C3%83O-PR%C3%8AMIOS-CAPES-e-UFMG-de-TESES-N%C2%BA-02-2025.pdf\">ORDENANZA N\u00ba 02\/2025 DE LA COMISI\u00d3N DE ADJUDICACI\u00d3N DE TESIS DE CAPES y UFMG<\/a><\/p>\n<p><a href=\"https:\/\/www.posgrad.fae.ufmg.br\/wp-content\/uploads\/2025\/01\/PORTARIA-COMISS%C3%83O-GERAL-DE-SELE%C3%87%C3%83O-DINTER-N%C2%BA-01-2025.pdf\">ORDENANZA DE LA COMISI\u00d3N DE SELECCI\u00d3N GENERAL DINTER UFMG\/IF Sudeste MG N\u00ba 01\/2025<\/a><\/p>\n<p><a href=\"https:\/\/www.posgrad.fae.ufmg.br\/wp-content\/uploads\/2024\/12\/PORTARIA-COMISS%C3%83O-HETEROIDENTIFICA%C3%87%C3%83O-N%C2%BA-03-2024.pdf\">ORDENANZA COMISI\u00d3N HETEROIDENTIFICACI\u00d3N N\u00ba 03\/2024<\/a><\/p>\n<p><a href=\"https:\/\/www.posgrad.fae.ufmg.br\/wp-content\/uploads\/2024\/09\/PORTARIA-COMISS%C3%83O-GERAL-DE-SELE%C3%87%C3%83O-N%C2%BA-02-2024.pdf\">ORDENANZA COMIT\u00c9 GENERAL DE SELECCI\u00d3N N\u00ba 02\/2024<\/a><\/p>\n<p><a href=\"https:\/\/www.posgrad.fae.ufmg.br\/wp-content\/uploads\/2024\/04\/Portaria-Comiss%C3%A3o-Pr%C3%AAmios-CAPES-e-UFMG-de-Teses.pdf\">ORDENANZA N\u00ba 01\/2024 DE LA COMISI\u00d3N DE ADJUDICACI\u00d3N DE TESIS DE CAPES y UFMG<\/a><\/p>\n<p><a href=\"https:\/\/www.posgrad.fae.ufmg.br\/wp-content\/uploads\/2024\/02\/PORTARIA-COMISS%C3%83O-DE-ACOMPANHAMENTO-DISCENTE-N%C2%BA-04-2023.pdf\">ORDENANZA COMISI\u00d3N DE SEGUIMIENTO DE ESTUDIANTES N\u00ba 04\/2023<\/a><\/p>\n<p><a href=\"https:\/\/www.posgrad.fae.ufmg.br\/wp-content\/uploads\/2023\/12\/Portaria-Comiss%C3%A3o-Heteroidentifica%C3%A7%C3%A3o-N%C2%BA-03-2023-1.pdf\">ORDENANZA COMISI\u00d3N HETEROIDENTIFICACI\u00d3N N\u00ba 03\/2023<\/a><\/p>\n<p><a href=\"https:\/\/www.posgrad.fae.ufmg.br\/wp-content\/uploads\/2023\/11\/PORTARIA-COMISS%C3%83O-HETEROIDENTIFICA%C3%87%C3%83O-N%C2%BA-02-2023.pdf\">ORDENANZA COMISI\u00d3N DE HETEROIDENTIFICACI\u00d3N N\u00ba 02\/2023<\/a><\/p>\n<p><a href=\"https:\/\/www.posgrad.fae.ufmg.br\/wp-content\/uploads\/2023\/08\/PORTARIA-COMISS%C3%83O-GERAL-N%C2%BA-01-2023.pdf\">ORDENANZA COMIT\u00c9 GENERAL DE SELECCI\u00d3N N\u00ba 01\/2023<\/a><\/p>\n<p><a href=\"https:\/\/www.posgrad.fae.ufmg.br\/wp-content\/uploads\/2022\/12\/Portaria-CAD.pdf\">Ordenanza Comit\u00e9 de Seguimiento de Estudiantes N\u00b0_05_2022<\/a><\/p>\n<p><a href=\"https:\/\/www.posgrad.fae.ufmg.br\/wp-content\/uploads\/2022\/11\/PORTARIA_COMISS%C3%83O_HETEROIDENTIFICA%C3%87%C3%83O_N%C2%BA_04_2022.pdf\">ORDENANZA_HETEROIDENTIFICACI\u00d3N_COMIT\u00c9_NO._04_2022<\/a><\/p>\n<p><a href=\"https:\/\/www.posgrad.fae.ufmg.br\/wp-content\/uploads\/2022\/09\/Comiss%C3%A3o-A%C3%A7%C3%B5es-Afirmativas.pdf\">ORDENANZA COMISI\u00d3N DE ACCI\u00d3N POSITIVA N\u00ba 03 2022<\/a><\/p>\n<p><a href=\"https:\/\/www.posgrad.fae.ufmg.br\/wp-content\/uploads\/2022\/08\/PORTARIA_COMISS%C3%83O_GERAL_N%C2%BA_02_2022.pdf\">ORDENANZA_GENERAL_COMISI\u00d3N_DE_SELECCI\u00d3N_NO_02_2022<\/a><\/p>\n<p><a href=\"https:\/\/www.posgrad.fae.ufmg.br\/wp-content\/uploads\/2022\/05\/PORTARIA_COMISS%C3%83O_HETEROIDENTIFICA%C3%87%C3%83O_N%C2%BA_01_2022.pdf\">ORDENANZA_HETEROIDENTIFICACI\u00d3N_COMIT\u00c9_N\u00daMERO_01_2022<\/a><\/p>\n<p><a href=\"https:\/\/www.posgrad.fae.ufmg.br\/wp-content\/uploads\/2021\/12\/PORTARIA_COMISS%C3%83O_HETEROIDENTIFICA%C3%87%C3%83O_N%C2%BA_06_2021-1.pdf\">ORDENANZA_HETEROIDENTIFICACI\u00d3N_COMIT\u00c9_N\u00daMERO_06_2021<\/a><\/p>\n<p><a href=\"https:\/\/www.posgrad.fae.ufmg.br\/wp-content\/uploads\/2021\/11\/PORTARIA-N%C2%BA-05.pdf\">ORDENANZA COMISI\u00d3N DE ACCI\u00d3N POSITIVA N\u00ba 05_2021<\/a><\/p>\n<p><a href=\"https:\/\/www.posgrad.fae.ufmg.br\/wp-content\/uploads\/2021\/10\/PORTARIA_COMISS%C3%83O_GERAL_N%C2%BA_04_2021.pdf\">ORDENANZA_GENERAL_COMIT\u00c9_DE_SELECCI\u00d3N N\u00ba04_2021<\/a><\/p>\n<p><a href=\"https:\/\/www.posgrad.fae.ufmg.br\/wp-content\/uploads\/2021\/09\/PORTARIA_COMISS%C3%83O_GERAL_N%C2%BA_03_2021.pdf\">ORDENANZA COMIT\u00c9 GENERAL DE SELECCI\u00d3N N\u00ba 03 2021<\/a><\/p>\n<p><a href=\"https:\/\/www.posgrad.fae.ufmg.br\/wp-content\/uploads\/2021\/08\/Portaria-CAD-2.pdf\">ORDENANZA COMISI\u00d3N DE SEGUIMIENTO DE ESTUDIANTES N\u00ba 02 2021<\/a><\/p>\n<p><a href=\"https:\/\/www.posgrad.fae.ufmg.br\/wp-content\/uploads\/2021\/02\/Portaria-Comiss%C3%A3o-Not%C3%B3rio-Saber-N%C2%BA-1-2021.pdf\">ORDENANZA COMISI\u00d3N DE CONOCIMIENTO NOTORIO N\u00ba 01 2021<\/a><\/p>\n<p><a href=\"https:\/\/www.posgrad.fae.ufmg.br\/wp-content\/uploads\/2020\/09\/PORTARIA_COMISS%C3%83O_A%C3%87%C3%95ES_AFIRMATIVAS_N%C2%BA_02_2020-1.pdf\">ORDENANZA_COMITE_ACCION_AFIRMATIVA_NO_02_2020<\/a><\/p>\n<p><a href=\"https:\/\/www.posgrad.fae.ufmg.br\/wp-content\/uploads\/2020\/09\/PORTARIA_COMISS%C3%83O_GERAL_N%C2%BA_01_2020.pdf\">PORTARIA_COMISS\u00c3O_GERAL_DE_SELE\u00c7\u00c3O_N\u00ba_01_2020<\/a><\/p>\n<p><a href=\"https:\/\/www.posgrad.fae.ufmg.br\/wp-content\/uploads\/2019\/08\/PORTARIA-COMISS%C3%83O_GERAL_N%C2%BA-02_2019-1.pdf\">ORDENANZA COMIT\u00c9_DE_SELECCI\u00d3N_GENERAL N\u00ba 02_2019<\/a><\/p>\n<p><a href=\"https:\/\/www.posgrad.fae.ufmg.br\/wp-content\/uploads\/2019\/07\/PORTARIA-COMISS%C3%83O_DE_INTERNACIONALIZA%C3%87%C3%83O_N%C2%BA-01_2019.pdf\">ORDENANZA INTERNACIONALIZACI\u00d3N_COMIT\u00c9_N\u00ba 01_2019<\/a><\/p>\n","protected":false},"excerpt":{"rendered":"<p>ORDENANZA N\u00ba 02\/2025 DE LA COMISI\u00d3N DE ADJUDICACI\u00d3N DE TESIS DE CAPES y UFMG ORDENANZA DE LA COMISI\u00d3N DE SELECCI\u00d3N GENERAL DINTER UFMG\/IF Sudeste MG N\u00ba 01\/2025 ORDENANZA COMISI\u00d3N HETEROIDENTIFICACI\u00d3N N\u00ba 03\/2024 ORDENANZA COMIT\u00c9 GENERAL DE SELECCI\u00d3N N\u00ba 02\/2024 ORDENANZA N\u00ba 01\/2024 DE LA COMISI\u00d3N DE ADJUDICACI\u00d3N DE TESIS DE CAPES y UFMG ORDENANZA COMISI\u00d3N [&hellip;]<\/p>\n","protected":false},"author":4,"featured_media":0,"parent":6727,"menu_order":0,"comment_status":"closed","ping_status":"closed","template":"page-sanfona.php","meta":{"_acf_changed":false,"footnotes":""},"categories":[66],"class_list":["post-6547","page","type-page","status-publish","hentry","category-normas-y-reglamentos"],"acf":[],"_links":{"self":[{"href":"https:\/\/www.posgrad.fae.ufmg.br\/es\/wp-json\/wp\/v2\/pages\/6547","targetHints":{"allow":["GET"]}}],"collection":[{"href":"https:\/\/www.posgrad.fae.ufmg.br\/es\/wp-json\/wp\/v2\/pages"}],"about":[{"href":"https:\/\/www.posgrad.fae.ufmg.br\/es\/wp-json\/wp\/v2\/types\/page"}],"author":[{"embeddable":true,"href":"https:\/\/www.posgrad.fae.ufmg.br\/es\/wp-json\/wp\/v2\/users\/4"}],"replies":[{"embeddable":true,"href":"https:\/\/www.posgrad.fae.ufmg.br\/es\/wp-json\/wp\/v2\/comments?post=6547"}],"version-history":[{"count":1,"href":"https:\/\/www.posgrad.fae.ufmg.br\/es\/wp-json\/wp\/v2\/pages\/6547\/revisions"}],"predecessor-version":[{"id":6728,"href":"https:\/\/www.posgrad.fae.ufmg.br\/es\/wp-json\/wp\/v2\/pages\/6547\/revisions\/6728"}],"up":[{"embeddable":true,"href":"https:\/\/www.posgrad.fae.ufmg.br\/es\/wp-json\/wp\/v2\/pages\/6727"}],"wp:attachment":[{"href":"https:\/\/www.posgrad.fae.ufmg.br\/es\/wp-json\/wp\/v2\/media?parent=6547"}],"wp:term":[{"taxonomy":"category","embeddable":true,"href":"https:\/\/www.posgrad.fae.ufmg.br\/es\/wp-json\/wp\/v2\/categories?post=6547"}],"curies":[{"name":"wp","href":"https:\/\/api.w.org\/{rel}","templated":true}]}}