{"id":6534,"date":"2017-07-12T09:19:01","date_gmt":"2017-07-12T12:19:01","guid":{"rendered":"https:\/\/www.posgrad.fae.ufmg.br\/doutorado-latino-americano\/"},"modified":"2025-05-26T21:31:14","modified_gmt":"2025-05-27T00:31:14","slug":"doutorado-latino-americano","status":"publish","type":"page","link":"https:\/\/www.posgrad.fae.ufmg.br\/es\/cursos\/doutorado-latino-americano\/","title":{"rendered":"Doctorado Latinoamericano"},"content":{"rendered":"<p><b>DOCTORADO LATINOAMERICANO EN EDUCACI\u00d3N: POL\u00cdTICAS P\u00daBLICAS Y PROFESI\u00d3N DOCENTE<\/b><br \/>\n<img loading=\"lazy\" decoding=\"async\" class=\"aligncenter wp-image-1555 size-medium\" style=\"clear: none;\" src=\"https:\/\/www.posgrad.fae.ufmg.br\/wp-content\/uploads\/2017\/07\/LOGO-DLA-PAINT1-218x300.png\" alt=\"\" width=\"218\" height=\"300\" srcset=\"https:\/\/www.posgrad.fae.ufmg.br\/wp-content\/uploads\/2017\/07\/LOGO-DLA-PAINT1-218x300.png 218w, https:\/\/www.posgrad.fae.ufmg.br\/wp-content\/uploads\/2017\/07\/LOGO-DLA-PAINT1-768x1057.png 768w, https:\/\/www.posgrad.fae.ufmg.br\/wp-content\/uploads\/2017\/07\/LOGO-DLA-PAINT1-744x1024.png 744w, https:\/\/www.posgrad.fae.ufmg.br\/wp-content\/uploads\/2017\/07\/LOGO-DLA-PAINT1.png 944w\" sizes=\"auto, (max-width: 218px) 100vw, 218px\" \/><br \/>\nEl Doctorado Latinoamericano en Educaci\u00f3n: Pol\u00edticas P\u00fablicas y Profesi\u00f3n Docente surgi\u00f3 de la necesidad de ampliar los cursos de postgrado en Am\u00e9rica Latina que pudieran formar doctores con capacidad de producci\u00f3n te\u00f3rica y metodol\u00f3gica, capaces de analizar, interpretar e incidir en las realidades educativas de los pa\u00edses latinoamericanos.<\/p>\n<p>Esta idea se lanz\u00f3 en 2006 en el IV Encuentro Internacional de la Red KIPUS (http:\/\/www.redkipus.org\/) celebrado en Chile, y comenz\u00f3 a materializarse en 2007 y 2008. Durante este periodo, se elabor\u00f3 colectivamente un proyecto para responder a la demanda de formaci\u00f3n del profesorado y de producci\u00f3n de conocimiento sobre la educaci\u00f3n en Am\u00e9rica Latina a trav\u00e9s de un programa de doctorado. En la elaboraci\u00f3n de este proyecto participaron representantes de universidades latinoamericanas y profesionales de la UNESCO.<\/p>\n<p>En 2009, se firm\u00f3 un acuerdo de cooperaci\u00f3n internacional entre la UNESCO (IESALC &#8211; OREALC), la RED KIPUS y 11 universidades latinoamericanas. De ellas, cinco fueron consideradas universidades hub, es decir, aquellas que ya contaban con una tradici\u00f3n de oferta de cursos de postgrado (nivel doctorado) y las condiciones para implantarlos a corto plazo, como: UFMG, UPN &#8211; M\u00e9xico, UPN &#8211; Colombia, UPEL &#8211; Venezuela, Universidad de la Frontera &#8211; Chile.<\/p>\n<p>Estas universidades se han comprometido a mantener las asignaturas obligatorias en todos los programas, a buscar la movilidad del profesorado y de los estudiantes y a formar un Consejo Internacional de Coordinaci\u00f3n Acad\u00e9mica, encargado de deliberar sobre cuestiones m\u00e1s generales, al tiempo que intentan mantener la identidad de los cursos. La PPGE\/UFMG fue pionera en la creaci\u00f3n de este doctorado, mientras que las dem\u00e1s universidades est\u00e1n en proceso de hacerlo.<\/p>\n<p>Este doctorado, como su nombre ya indica, tiene su \u00e9nfasis en el \u00e1rea de Pol\u00edticas P\u00fablicas en Educaci\u00f3n y Profesi\u00f3n Docente, albergando un amplio abanico de posibilidades para proponer objetos de estudio.<\/p>\n<p>El acceso a este doctorado es por selecci\u00f3n, con una convocatoria espec\u00edfica. Para participar en el proceso de selecci\u00f3n, los candidatos deben presentar un CV, un proyecto de investigaci\u00f3n y someterse a una entrevista.<\/p>\n<p>Las normas de este programa est\u00e1n contenidas en el Reglamento del PPGE\/UFMG; en la Resoluci\u00f3n 3\/2013 &#8211; PPGE\/UFMG, espec\u00edfica de este doctorado y por las normas del Consejo Internacional de Coordinaci\u00f3n Acad\u00e9mica.<\/p>\n<p>&nbsp;<\/p>\n<p><strong>BECAS<\/strong><\/p>\n<p>El PPGE\/UFMG tiene un cupo de becas para este doctorado. Los criterios de selecci\u00f3n utilizados son los siguientes:<\/p>\n<ul>\n<li>dar prioridad a los estudiantes de otros pa\u00edses;<\/li>\n<li>rendimiento en el proceso de selecci\u00f3n (clasificaci\u00f3n);<\/li>\n<li>CV;<\/li>\n<li>no recibir una beca de ning\u00fan otro tipo.<\/li>\n<\/ul>\n","protected":false},"excerpt":{"rendered":"<p>DOCTORADO LATINOAMERICANO EN EDUCACI\u00d3N: POL\u00cdTICAS P\u00daBLICAS Y PROFESI\u00d3N DOCENTE El Doctorado Latinoamericano en Educaci\u00f3n: Pol\u00edticas P\u00fablicas y Profesi\u00f3n Docente surgi\u00f3 de la necesidad de ampliar los cursos de postgrado en Am\u00e9rica Latina que pudieran formar doctores con capacidad de producci\u00f3n te\u00f3rica y metodol\u00f3gica, capaces de analizar, interpretar e incidir en las realidades educativas de los [&hellip;]<\/p>\n","protected":false},"author":2,"featured_media":0,"parent":6733,"menu_order":0,"comment_status":"closed","ping_status":"closed","template":"","meta":{"_acf_changed":false,"footnotes":""},"categories":[],"class_list":["post-6534","page","type-page","status-publish","hentry"],"acf":[],"_links":{"self":[{"href":"https:\/\/www.posgrad.fae.ufmg.br\/es\/wp-json\/wp\/v2\/pages\/6534","targetHints":{"allow":["GET"]}}],"collection":[{"href":"https:\/\/www.posgrad.fae.ufmg.br\/es\/wp-json\/wp\/v2\/pages"}],"about":[{"href":"https:\/\/www.posgrad.fae.ufmg.br\/es\/wp-json\/wp\/v2\/types\/page"}],"author":[{"embeddable":true,"href":"https:\/\/www.posgrad.fae.ufmg.br\/es\/wp-json\/wp\/v2\/users\/2"}],"replies":[{"embeddable":true,"href":"https:\/\/www.posgrad.fae.ufmg.br\/es\/wp-json\/wp\/v2\/comments?post=6534"}],"version-history":[{"count":1,"href":"https:\/\/www.posgrad.fae.ufmg.br\/es\/wp-json\/wp\/v2\/pages\/6534\/revisions"}],"predecessor-version":[{"id":6739,"href":"https:\/\/www.posgrad.fae.ufmg.br\/es\/wp-json\/wp\/v2\/pages\/6534\/revisions\/6739"}],"up":[{"embeddable":true,"href":"https:\/\/www.posgrad.fae.ufmg.br\/es\/wp-json\/wp\/v2\/pages\/6733"}],"wp:attachment":[{"href":"https:\/\/www.posgrad.fae.ufmg.br\/es\/wp-json\/wp\/v2\/media?parent=6534"}],"wp:term":[{"taxonomy":"category","embeddable":true,"href":"https:\/\/www.posgrad.fae.ufmg.br\/es\/wp-json\/wp\/v2\/categories?post=6534"}],"curies":[{"name":"wp","href":"https:\/\/api.w.org\/{rel}","templated":true}]}}