{"id":584,"date":"2016-12-22T16:00:34","date_gmt":"2016-12-22T18:00:34","guid":{"rendered":"http:\/\/150.164.80.212:8084\/fisica\/?page_id=584\/"},"modified":"2018-07-24T13:44:32","modified_gmt":"2018-07-24T16:44:32","slug":"registro","status":"publish","type":"page","link":"https:\/\/www.posgrad.fae.ufmg.br\/es\/registro\/","title":{"rendered":"Convenios y cooperaciones"},"content":{"rendered":"<p>El PPGE\/FaE\/UFMG adem\u00e1s de los cursos de Maestr\u00eda Acad\u00e9mica y Doctorado Regular, acoge el Doctorado Latinoamericano en Educaci\u00f3n: pol\u00edticas p\u00fablicas y profesi\u00f3n docente (DLA), que es fruto del acuerdo de cooperaci\u00f3n internacional entre UNESCO, RED KIPUS y 11 universidades latinoamericanas; el PPGE\/FaE\/UFMG fue el primero a poner en marcha ese doctorado, cuando inicio a sus actividades en el 2010.<\/p>\n<p>Tambi\u00e9n se ha firmado un convenio de cooperaci\u00f3n internacional entre la Universidad 11 de Novembro (Cabinda, Angola) y la Universidad Federal de Minas Gerais, con el fin de impulsar el intercambio estudiantil de car\u00e1cter amplio a nivel de posgrado y el intercambio de docentes e investigadores. Este proyecto busca de forma objetiva y espec\u00edfica la calificaci\u00f3n del cuerpo docente efectivo de la Universidad 11 de Novembro, lo que contribuye a ampliar la titulaci\u00f3n y el desarrollo de la investigaci\u00f3n, teniendo en mira la creaci\u00f3n futura de una Maestr\u00eda en Educaci\u00f3n en el Instituto Superior de Ciencias de la Educaci\u00f3n (ISCED). En el cuadrienio, se han graduados 21 mag\u00edsters y 08 doctores por medio de ese convenio.<\/p>\n<p>Otras acciones de investigaciones conjuntas entre investigadores del PPGE\/FaE\/UFMG y del Instituto Superior de Ciencias de la Educaci\u00f3n (ISCED) de la Universidad 11 de Novembro (UON), como el Programa de Pro Movilidad Internacional entre Universidades de Lengua Portuguesa (CAPES\/AULP) se han desarrollado, hasta 2017, fortaleciendo el v\u00ednculo entre las dos universidades y la integraci\u00f3n entre el pregrado y el posgrado. Se suma a esa acci\u00f3n formadora relativa al programa de movilidad internacional el trabajo entre la Universidad de Cabo Verde y la Universidad Federal de Minas Gerais.<\/p>\n","protected":false},"excerpt":{"rendered":"<p>El PPGE\/FaE\/UFMG adem\u00e1s de los cursos de Maestr\u00eda Acad\u00e9mica y Doctorado Regular, acoge el Doctorado Latinoamericano en Educaci\u00f3n: pol\u00edticas p\u00fablicas y profesi\u00f3n docente (DLA), que es fruto del acuerdo de cooperaci\u00f3n internacional entre UNESCO, RED KIPUS y 11 universidades latinoamericanas; el PPGE\/FaE\/UFMG fue el primero a poner en marcha ese doctorado, cuando inicio a sus [&hellip;]<\/p>\n","protected":false},"author":2,"featured_media":0,"parent":0,"menu_order":0,"comment_status":"closed","ping_status":"closed","template":"","meta":{"_acf_changed":false,"footnotes":""},"categories":[],"class_list":["post-584","page","type-page","status-publish","hentry"],"acf":[],"_links":{"self":[{"href":"https:\/\/www.posgrad.fae.ufmg.br\/es\/wp-json\/wp\/v2\/pages\/584","targetHints":{"allow":["GET"]}}],"collection":[{"href":"https:\/\/www.posgrad.fae.ufmg.br\/es\/wp-json\/wp\/v2\/pages"}],"about":[{"href":"https:\/\/www.posgrad.fae.ufmg.br\/es\/wp-json\/wp\/v2\/types\/page"}],"author":[{"embeddable":true,"href":"https:\/\/www.posgrad.fae.ufmg.br\/es\/wp-json\/wp\/v2\/users\/2"}],"replies":[{"embeddable":true,"href":"https:\/\/www.posgrad.fae.ufmg.br\/es\/wp-json\/wp\/v2\/comments?post=584"}],"version-history":[{"count":3,"href":"https:\/\/www.posgrad.fae.ufmg.br\/es\/wp-json\/wp\/v2\/pages\/584\/revisions"}],"predecessor-version":[{"id":1657,"href":"https:\/\/www.posgrad.fae.ufmg.br\/es\/wp-json\/wp\/v2\/pages\/584\/revisions\/1657"}],"wp:attachment":[{"href":"https:\/\/www.posgrad.fae.ufmg.br\/es\/wp-json\/wp\/v2\/media?parent=584"}],"wp:term":[{"taxonomy":"category","embeddable":true,"href":"https:\/\/www.posgrad.fae.ufmg.br\/es\/wp-json\/wp\/v2\/categories?post=584"}],"curies":[{"name":"wp","href":"https:\/\/api.w.org\/{rel}","templated":true}]}}