{"id":546,"date":"2016-12-05T15:45:18","date_gmt":"2016-12-05T17:45:18","guid":{"rendered":"http:\/\/150.164.80.212:8084\/fisica\/?page_id=546\/"},"modified":"2025-05-26T21:31:49","modified_gmt":"2025-05-27T00:31:49","slug":"sobre-o-programa","status":"publish","type":"page","link":"https:\/\/www.posgrad.fae.ufmg.br\/es\/sobre-o-programa\/","title":{"rendered":"Sobre el Programa"},"content":{"rendered":"<p>Programa de Postgrado en Educaci\u00f3n: Conocimiento e Inclusi\u00f3n Social, Facultad de Educaci\u00f3n, Universidad Federal de Minas Gerais<\/p>\n<p>Coordinador &#8211; Dr Luiz Paulo Ribeiro<br \/>\nVicecoordinadora &#8211; Dra. J\u00e1ima Pinheiro de Oliveira<\/p>\n","protected":false},"excerpt":{"rendered":"<p>Programa de Postgrado en Educaci\u00f3n: Conocimiento e Inclusi\u00f3n Social, Facultad de Educaci\u00f3n, Universidad Federal de Minas Gerais Coordinador &#8211; Dr Luiz Paulo Ribeiro Vicecoordinadora &#8211; Dra. J\u00e1ima Pinheiro de Oliveira<\/p>\n","protected":false},"author":2,"featured_media":0,"parent":0,"menu_order":0,"comment_status":"closed","ping_status":"closed","template":"page-sanfona.php","meta":{"_acf_changed":false,"footnotes":""},"categories":[76],"class_list":["post-546","page","type-page","status-publish","hentry","category-sobre-el-programa"],"acf":[],"_links":{"self":[{"href":"https:\/\/www.posgrad.fae.ufmg.br\/es\/wp-json\/wp\/v2\/pages\/546","targetHints":{"allow":["GET"]}}],"collection":[{"href":"https:\/\/www.posgrad.fae.ufmg.br\/es\/wp-json\/wp\/v2\/pages"}],"about":[{"href":"https:\/\/www.posgrad.fae.ufmg.br\/es\/wp-json\/wp\/v2\/types\/page"}],"author":[{"embeddable":true,"href":"https:\/\/www.posgrad.fae.ufmg.br\/es\/wp-json\/wp\/v2\/users\/2"}],"replies":[{"embeddable":true,"href":"https:\/\/www.posgrad.fae.ufmg.br\/es\/wp-json\/wp\/v2\/comments?post=546"}],"version-history":[{"count":7,"href":"https:\/\/www.posgrad.fae.ufmg.br\/es\/wp-json\/wp\/v2\/pages\/546\/revisions"}],"predecessor-version":[{"id":6759,"href":"https:\/\/www.posgrad.fae.ufmg.br\/es\/wp-json\/wp\/v2\/pages\/546\/revisions\/6759"}],"wp:attachment":[{"href":"https:\/\/www.posgrad.fae.ufmg.br\/es\/wp-json\/wp\/v2\/media?parent=546"}],"wp:term":[{"taxonomy":"category","embeddable":true,"href":"https:\/\/www.posgrad.fae.ufmg.br\/es\/wp-json\/wp\/v2\/categories?post=546"}],"curies":[{"name":"wp","href":"https:\/\/api.w.org\/{rel}","templated":true}]}}