{"id":510,"date":"2016-12-05T10:28:50","date_gmt":"2016-12-05T12:28:50","guid":{"rendered":"https:\/\/www.posgrad.fae.ufmg.br\/?page_id=510\/"},"modified":"2025-05-26T21:31:36","modified_gmt":"2025-05-27T00:31:36","slug":"apresentacao","status":"publish","type":"page","link":"https:\/\/www.posgrad.fae.ufmg.br\/es\/apresentacao\/","title":{"rendered":"Presentaci\u00f3n"},"content":{"rendered":"<p style=\"text-align: left;\">El Programa de Postgrado en Educaci\u00f3n: Conocimiento e Inclusi\u00f3n Social de la Facultad de Educaci\u00f3n de la UFMG (PPGE\/FaE\/UFMG) est\u00e1 reconocido por la CAPES como programa de excelencia (PROEX, grado 7).<\/p>\n<p style=\"text-align: left;\">Actualmente ofrece los siguientes cursos: M\u00e1ster Acad\u00e9mico, con una duraci\u00f3n de hasta 30 meses, Doctorado y Doctorado Latinoamericano, con una duraci\u00f3n de hasta 48 meses. Adem\u00e1s de estos cursos, el PPGE acoge a Residentes Postdoctorales. <\/p>\n<p style=\"text-align: left;\">Los cursos de Maestr\u00eda y Doctorado se ofrecen de forma presencial, formando investigadores en educaci\u00f3n, profesores para la ense\u00f1anza superior y otros profesionales para diferentes organizaciones sociales y educativas. La Residencia Postdoctoral consiste en el desarrollo de actividades de investigaci\u00f3n, por parte de un doctorando, dentro de un Curso de Postgrado<br \/>\nen la UFMG. Sus actividades de ense\u00f1anza e investigaci\u00f3n est\u00e1n orientadas por el compromiso con el derecho a la educaci\u00f3n y la producci\u00f3n de conocimiento sobre los fen\u00f3menos educativos que favorezca la reducci\u00f3n de las desigualdades.  <\/p>\n<p style=\"text-align: left;\">El PPGE\/FaE\/UFMG mantiene acuerdos con instituciones e investigadores de distintos pa\u00edses de Am\u00e9rica Latina, \u00c1frica, Europa y Norteam\u00e9rica.<\/p>\n<p style=\"text-align: left;\">Destaca el Doctorado Latinoamericano: Pol\u00edticas P\u00fablicas y Profesi\u00f3n Docente (DLA), fruto de un Acuerdo de Cooperaci\u00f3n Internacional entre la UNESCO, RED KIPUS y 11 Universidades Latinoamericanas. Otras iniciativas de cooperaci\u00f3n internacional: el Doctorado Interinstitucional (DINTER), desarrollado con la Universidad 11 de Noviembre de Cabinda\/Angola; el Programa Pro-Movilidad Internacional entre Universidades de Pa\u00edses de Lengua Portuguesa (CAPES\/AULP); y el desarrollo de proyectos con las universidades de Lisboa, Minho, Coimbra, Leeds, Ginebra, Ca&#8217;Foscari, Provenza, Par\u00eds III y Aix Marseille, Carolina del Norte, Winston-Salem y Akron, entre otras. <\/p>\n","protected":false},"excerpt":{"rendered":"<p>El Programa de Postgrado en Educaci\u00f3n: Conocimiento e Inclusi\u00f3n Social de la Facultad de Educaci\u00f3n de la UFMG (PPGE\/FaE\/UFMG) est\u00e1 reconocido por la CAPES como programa de excelencia (PROEX, grado 7). Actualmente ofrece los siguientes cursos: M\u00e1ster Acad\u00e9mico, con una duraci\u00f3n de hasta 30 meses, Doctorado y Doctorado Latinoamericano, con una duraci\u00f3n de hasta 48 [&hellip;]<\/p>\n","protected":false},"author":2,"featured_media":0,"parent":0,"menu_order":0,"comment_status":"closed","ping_status":"closed","template":"","meta":{"_acf_changed":false,"footnotes":""},"categories":[],"class_list":["post-510","page","type-page","status-publish","hentry"],"acf":[],"_links":{"self":[{"href":"https:\/\/www.posgrad.fae.ufmg.br\/es\/wp-json\/wp\/v2\/pages\/510","targetHints":{"allow":["GET"]}}],"collection":[{"href":"https:\/\/www.posgrad.fae.ufmg.br\/es\/wp-json\/wp\/v2\/pages"}],"about":[{"href":"https:\/\/www.posgrad.fae.ufmg.br\/es\/wp-json\/wp\/v2\/types\/page"}],"author":[{"embeddable":true,"href":"https:\/\/www.posgrad.fae.ufmg.br\/es\/wp-json\/wp\/v2\/users\/2"}],"replies":[{"embeddable":true,"href":"https:\/\/www.posgrad.fae.ufmg.br\/es\/wp-json\/wp\/v2\/comments?post=510"}],"version-history":[{"count":9,"href":"https:\/\/www.posgrad.fae.ufmg.br\/es\/wp-json\/wp\/v2\/pages\/510\/revisions"}],"predecessor-version":[{"id":6761,"href":"https:\/\/www.posgrad.fae.ufmg.br\/es\/wp-json\/wp\/v2\/pages\/510\/revisions\/6761"}],"wp:attachment":[{"href":"https:\/\/www.posgrad.fae.ufmg.br\/es\/wp-json\/wp\/v2\/media?parent=510"}],"wp:term":[{"taxonomy":"category","embeddable":true,"href":"https:\/\/www.posgrad.fae.ufmg.br\/es\/wp-json\/wp\/v2\/categories?post=510"}],"curies":[{"name":"wp","href":"https:\/\/api.w.org\/{rel}","templated":true}]}}